{"id":602,"date":"2019-02-08T23:08:16","date_gmt":"2019-02-08T22:08:16","guid":{"rendered":"http:\/\/wordpress.durakkoyu.com\/?page_id=602"},"modified":"2019-07-12T20:15:51","modified_gmt":"2019-07-12T19:15:51","slug":"muhtarlik-2","status":"publish","type":"page","link":"https:\/\/durakkoyu.biz\/?page_id=602","title":{"rendered":"Muhtarl\u0131k"},"content":{"rendered":"<p>Bu b\u00f6l\u00fcmde Muhtarl\u0131k taraf\u0131ndan yay\u0131nlanacak bildiriler yer alacakt\u0131r!<\/p>\n","protected":false},"excerpt":{"rendered":"<p>Bu b\u00f6l\u00fcmde Muhtarl\u0131k taraf\u0131ndan yay\u0131nlanacak bildiriler yer alacakt\u0131r!<\/p>\n","protected":false},"author":1,"featured_media":549,"parent":0,"menu_order":0,"comment_status":"closed","ping_status":"closed","template":"","meta":[],"_links":{"self":[{"href":"https:\/\/durakkoyu.biz\/index.php?rest_route=\/wp\/v2\/pages\/602"}],"collection":[{"href":"https:\/\/durakkoyu.biz\/index.php?rest_route=\/wp\/v2\/pages"}],"about":[{"href":"https:\/\/durakkoyu.biz\/index.php?rest_route=\/wp\/v2\/types\/page"}],"author":[{"embeddable":true,"href":"https:\/\/durakkoyu.biz\/index.php?rest_route=\/wp\/v2\/users\/1"}],"replies":[{"embeddable":true,"href":"https:\/\/durakkoyu.biz\/index.php?rest_route=%2Fwp%2Fv2%2Fcomments&post=602"}],"version-history":[{"count":10,"href":"https:\/\/durakkoyu.biz\/index.php?rest_route=\/wp\/v2\/pages\/602\/revisions"}],"predecessor-version":[{"id":4228,"href":"https:\/\/durakkoyu.biz\/index.php?rest_route=\/wp\/v2\/pages\/602\/revisions\/4228"}],"wp:featuredmedia":[{"embeddable":true,"href":"https:\/\/durakkoyu.biz\/index.php?rest_route=\/wp\/v2\/media\/549"}],"wp:attachment":[{"href":"https:\/\/durakkoyu.biz\/index.php?rest_route=%2Fwp%2Fv2%2Fmedia&parent=602"}],"curies":[{"name":"wp","href":"https:\/\/api.w.org\/{rel}","templated":true}]}}