{"id":4952,"date":"2019-11-16T18:42:26","date_gmt":"2019-11-16T17:42:26","guid":{"rendered":"https:\/\/durakkoyu.com\/?page_id=4952"},"modified":"2019-11-16T18:42:26","modified_gmt":"2019-11-16T17:42:26","slug":"abdurrahman-ozcelik","status":"publish","type":"page","link":"https:\/\/durakkoyu.biz\/?page_id=4952","title":{"rendered":"Abdurrahman \u00d6z\u00e7elik"},"content":{"rendered":"<p><strong>Benim K\u00f6y\u00fcm<\/strong><\/p>\n<p>Anlatmak istedim k\u00f6y\u00fcm\u00fc dinleyene,<br \/>\nSorular sorulur cevab\u0131n\u0131 bilmeyene,<br \/>\nSual ederim memleketini anmayana,<br \/>\nVah iderim asl\u0131n\u0131 unutup geriye d\u00f6nmeyene.<\/p>\n<p>Toroslar\u0131n ete\u011finde yemye\u015fil bir koru,<br \/>\n\u00c7e\u015fmelerinden akar tertemiz suyu,<br \/>\n\u0130nsanlar\u0131 ho\u015ftur tatl\u0131d\u0131r huyu,<br \/>\nYa\u015fad\u0131\u011f\u0131m yerdir benim k\u00f6y\u00fcm.<\/p>\n<p>Biter da\u011flar\u0131nda k\u00f6knar\u0131 \u00e7am\u0131,<br \/>\nYa\u011f\u0131nca kar yuvan\u0131r evlerin dam\u0131,<br \/>\nK\u00f6y\u00fcn giri\u015finde vard\u0131r tarihi han\u0131,<br \/>\nAnlatt\u0131\u011f\u0131m yerdir benim k\u00f6y\u00fcm.<\/p>\n<p>D\u00f6n\u00fcpte baksan as\u0131rlar \u00f6ncesine,<br \/>\nOk atsan yeti\u015fmez sonuna nicesine,<br \/>\nSelam vermiyor ye\u011feni amcas\u0131na,<br \/>\nKibirlenipte b\u00fcy\u00fcyen k\u00f6y benim k\u00f6y\u00fcm.<\/p>\n<p>Vard\u0131r da\u011flar\u0131nda kekli\u011fi ku\u015fu geyi\u011fi,<br \/>\nBah\u00e7esinde yeti\u015fir \u00e7e\u015fit \u00e7e\u015fit eri\u011fi,<br \/>\nTavuklar b\u00fcy\u00fctm\u00fc\u015f hep alaca feri\u011fi,<br \/>\nAnlatmaya de\u011fer k\u00f6y benim k\u00f6y\u00fcm.<\/p>\n<p>Yazd\u0131 kalemim ama ge\u00e7medi merak\u0131m,<br \/>\nRize beli vard\u0131r binsekizy\u00fcz rak\u0131m,<br \/>\nKurumu\u015f ba\u011flar\u0131 bah\u00e7eleri istiyor bak\u0131m,<br \/>\nBak\u0131ma muhta\u00e7 kalan k\u00f6y benim k\u00f6y\u00fcm.<\/p>\n<p>Sava\u015flara kat\u0131lm\u0131\u015f \u015fehidi, gazisi,<br \/>\nHat\u0131rlanmaz olmu\u015f gayri mazisi,<br \/>\nKalmam\u0131\u015f evlad\u0131n ataya sayg\u0131s\u0131,<br \/>\nTarihini unutan k\u00f6y benim k\u00f6y\u00fcm.<\/p>\n<p>K\u00f6y\u00fcmden \u00e7\u0131km\u0131\u015f amir, memur, doktor,<br \/>\nHi\u00e7birindede kin k\u00f6t\u00fcl\u00fck yoktur,<br \/>\nSevdas\u0131 u\u011fruna kahrolanlar \u00e7oktur,<br \/>\nSevgi yoluna ya\u015fayan k\u00f6y benim k\u00f6y\u00fcm.<\/p>\n<p>\u0130\u015f adam\u0131 vard\u0131r devlet misali,<br \/>\n\u0130\u015finde \u00e7al\u0131\u015fanlar patron timsali,<br \/>\nD\u0131\u015fardan g\u00f6renler olur hayran\u0131,<br \/>\nPara s\u0131k\u0131nt\u0131s\u0131 olmayan k\u00f6y benim k\u00f6y\u00fcm.<\/p>\n<p>Yaylas\u0131nda a\u00e7an \u00e7i\u00e7ekler kokar,<br \/>\nYi\u011fidini g\u00f6ren g\u0131ptaylan bakar,<br \/>\nNamerde sata\u015fan oradan ka\u00e7ar,<br \/>\nDostlu\u011fuylan an\u0131lan k\u00f6y benim k\u00f6y\u00fcm.<\/p>\n<p>Kar ya\u011far bembeyaz a\u011far\u0131 verir,<br \/>\nDo\u011funca g\u00fcne\u015fi \u0131\u015f\u0131r ayd\u0131nlan\u0131verir,<br \/>\nA\u011fac\u0131 \u00e7i\u00e7ek a\u00e7ar k\u00f6k sal\u0131verir,<br \/>\nYa\u015fanmaya de\u011fer k\u00f6y benim k\u00f6y\u00fcm.<\/p>\n<p>Bak\u0131nca kar\u015f\u0131dan \u015fehire \u00f6rnek,<br \/>\nK\u00f6ylerin i\u00e7inde emsalsiz bir tek,<br \/>\nG\u00fczellik g\u00f6receksen gel de bir bak,<br \/>\nKarde\u015f\u00e7e ya\u015fanan k\u00f6y benim k\u00f6y.<\/p>\n<p>Konya&#8217;d\u0131r ili d\u00fcnyan\u0131n g\u00fcl\u00fc,<br \/>\nK\u0131\u015f\u0131n co\u015farda akar derenin seli,<br \/>\nYa\u015flan\u0131nca insan b\u00fck\u00fcl\u00fcr beli,<br \/>\nTarihe yaz\u0131lacak k\u00f6y benim k\u00f6y\u00fcm.<\/p>\n<p>Derebucak il\u00e7esi da\u011f aras\u0131nda,<br \/>\nDe\u011ferini sorarsan kazalar\u0131n en arkas\u0131nda,<br \/>\nEvleri vard\u0131r kayalar\u0131n yakas\u0131nda,<br \/>\nBu kazaya ba\u011fl\u0131 k\u00f6y benim k\u00f6y\u00fcm.<\/p>\n<p>Met etti\u011fim k\u00f6y durakt\u0131r Durak,<br \/>\nYa\u015far kendi halinde k\u00f6t\u00fcl\u00fckten \u0131rak,<br \/>\nSevdiysen g\u00fcl\u00fc dal\u0131nda b\u0131rak,<br \/>\n\u00c7i\u00e7e\u011fi dal\u0131nda seven k\u00f6y benim k\u00f6y\u00fcm.<\/p>\n<p>Ben Abdurrahman \u015fiirim yazd\u0131m,<br \/>\nVadesi yetene mezarlar kazd\u0131m,<br \/>\nBa\u011fdan \u00fcz\u00fcm a\u011fa\u00e7tan elma bozdum,<br \/>\nGezginlere otel olan k\u00f6y benim k\u00f6y\u00fcm.<\/p>\n","protected":false},"excerpt":{"rendered":"<p>Benim K\u00f6y\u00fcm Anlatmak istedim k\u00f6y\u00fcm\u00fc dinleyene, Sorular sorulur cevab\u0131n\u0131 bilmeyene, Sual ederim memleketini anmayana, Vah iderim asl\u0131n\u0131 unutup geriye d\u00f6nmeyene. Toroslar\u0131n ete\u011finde yemye\u015fil bir koru, \u00c7e\u015fmelerinden akar tertemiz suyu, \u0130nsanlar\u0131 ho\u015ftur tatl\u0131d\u0131r huyu, Ya\u015fad\u0131\u011f\u0131m yerdir benim k\u00f6y\u00fcm. Biter da\u011flar\u0131nda k\u00f6knar\u0131 \u00e7am\u0131, Ya\u011f\u0131nca kar yuvan\u0131r evlerin dam\u0131, K\u00f6y\u00fcn giri\u015finde vard\u0131r tarihi han\u0131, Anlatt\u0131\u011f\u0131m yerdir benim k\u00f6y\u00fcm. [&hellip;]<\/p>\n","protected":false},"author":1,"featured_media":573,"parent":193,"menu_order":0,"comment_status":"closed","ping_status":"closed","template":"","meta":[],"_links":{"self":[{"href":"https:\/\/durakkoyu.biz\/index.php?rest_route=\/wp\/v2\/pages\/4952"}],"collection":[{"href":"https:\/\/durakkoyu.biz\/index.php?rest_route=\/wp\/v2\/pages"}],"about":[{"href":"https:\/\/durakkoyu.biz\/index.php?rest_route=\/wp\/v2\/types\/page"}],"author":[{"embeddable":true,"href":"https:\/\/durakkoyu.biz\/index.php?rest_route=\/wp\/v2\/users\/1"}],"replies":[{"embeddable":true,"href":"https:\/\/durakkoyu.biz\/index.php?rest_route=%2Fwp%2Fv2%2Fcomments&post=4952"}],"version-history":[{"count":1,"href":"https:\/\/durakkoyu.biz\/index.php?rest_route=\/wp\/v2\/pages\/4952\/revisions"}],"predecessor-version":[{"id":4953,"href":"https:\/\/durakkoyu.biz\/index.php?rest_route=\/wp\/v2\/pages\/4952\/revisions\/4953"}],"up":[{"embeddable":true,"href":"https:\/\/durakkoyu.biz\/index.php?rest_route=\/wp\/v2\/pages\/193"}],"wp:featuredmedia":[{"embeddable":true,"href":"https:\/\/durakkoyu.biz\/index.php?rest_route=\/wp\/v2\/media\/573"}],"wp:attachment":[{"href":"https:\/\/durakkoyu.biz\/index.php?rest_route=%2Fwp%2Fv2%2Fmedia&parent=4952"}],"curies":[{"name":"wp","href":"https:\/\/api.w.org\/{rel}","templated":true}]}}