{"id":4948,"date":"2019-11-16T18:34:55","date_gmt":"2019-11-16T17:34:55","guid":{"rendered":"https:\/\/durakkoyu.com\/?page_id=4948"},"modified":"2019-11-16T18:39:32","modified_gmt":"2019-11-16T17:39:32","slug":"hatice-atalay-ozcelik","status":"publish","type":"page","link":"https:\/\/durakkoyu.biz\/?page_id=4948","title":{"rendered":"Hatice Atalay-\u00d6z\u00e7elik"},"content":{"rendered":"<p><strong>DURA\u011eIN G\u00dcZEL \u0130NSANI<\/strong><\/p>\n<p>SELAM DURA\u011eIN G\u00dcZEL \u0130NSANI<br \/>\nTOPRAK KOKAN K\u00d6Y ANALARI,<br \/>\n\u00c7\u0130\u011eDEM T\u00dcTEN BAYIRLARI,<br \/>\nS\u0130ZEDE SELAM YE\u015e\u0130L DA\u011eLARI<\/p>\n<p>K\u00d6RGUYUN SUYUNA SELAM OLSUN YAR,<br \/>\nFEDAKAR ANALARA KURBAN OLSUNLAR,<br \/>\nSELAM VERMEYENE DERMAN BULSUNLAR,<br \/>\nSELAMSIZ OLMAZ B\u0130Z\u0130M K\u00d6Y\u00dcM\u00dcZ YAR.<\/p>\n<p>TABAKHANEYE BAH\u00c7E EKERLER,<br \/>\nODUNU BALTA \u0130LE KESERLER,<br \/>\nSEVEREK \u0130\u015e, \u0130\u015eLERLER<br \/>\nDURAK K\u00d6Y\u00dcN\u00dcN \u015e\u0130R\u0130N \u0130NSANI.<\/p>\n<p>BEKLED\u0130M MECEKTEN GELS\u0130NLER D\u0130YE.<br \/>\nSEYD\u0130\u015eEH\u0130R BEL\u0130NDEN \u0130NS\u0130NLER D\u0130YE.<br \/>\nO AN, O TADI BULSUNLAR D\u0130YE.<br \/>\nA\u00c7ILDI SOFRAMIZ HER HANELERDE.<\/p>\n<p>K\u00d6Y\u00dcM\u00dcZDE VARDIR MERMER OCA\u011eI,<br \/>\nYOLLARIDA D\u00d6\u015eEND\u0130 K\u0130L\u0130T TA\u015eLARI,<br \/>\nCENNET T\u0130R YAZI, KI\u015eI, BAHARI.<br \/>\nARALARINDA YOKTUR H\u0130\u00c7 D\u00dc\u015eMANLIKLARI.<\/p>\n<p>D\u0130KMEN\u00d6\u011e\u00dc SARINCI B\u0130R \u00c7E\u015eME OLDU,<br \/>\nESK\u0130LER\u0130N YER\u0130N\u0130 GEN\u00c7LER DOLDURDU,<br \/>\n\u015eEH\u0130R E G\u0130DENLER ELBET \u00c7OK OLDU,<br \/>\nSEVDA KOKULU K\u00d6Y \u0130NSANLARI.<\/p>\n<p>DA\u011eD\u0130B\u0130NE EK\u0130N EKERLER,<br \/>\n\u00c7AVDARLIDA KE\u00c7\u0130 G\u00dcDERLER,<br \/>\nEK\u0130N\u0130 ORAK \u0130LE B\u0130\u00c7ERLER,<br \/>\nYAZ GEL\u0130NCE D\u00dc\u011e\u00dcN EDERLER.<\/p>\n<p>BAYRAMDA G\u0130TT\u0130LER Y\u0130NE AKIN HAL\u0130NDE,<br \/>\nHERKES OYNUYOR AYNI SAHNEDE,<br \/>\nD\u00dc\u011e\u00dcN,DERNEK,CENAZE \u00d6L\u00dcM HAL\u0130NDE<br \/>\nB\u0130R ARAYA GEL\u0130RLER DURAK K\u00d6Y\u00dcNDE.<\/p>\n<p>B\u0130Z YEN\u0130 NES\u0130L ANLAMAYIZ KIZILCIKLIALANI,<br \/>\nANLASAKTA, ANLATAMAYIZ \u0130\u00c7\u0130NDEK\u0130 YA\u015eANANLARI,<br \/>\nB\u0130RDE \u015eABAN AMCAYI \u015e\u0130M\u015eEK \u00c7AKMASI,<br \/>\nY\u00dcREKLER\u0130 DA\u011eLIYOR, CANINDAN OLMASI.<\/p>\n<p>HER ZAMAN K\u00d6Y\u00dcME G\u0130DEMESEMDE,<br \/>\nB\u00dcY\u00dcKLER\u0130N EL\u0130N\u0130N\u0130 \u00d6PEMESEMDE,<br \/>\nO G\u00dcZEL SAHNEY\u0130 G\u00d6REMESEMDE,<br \/>\nSEV\u0130YORUM K\u00d6Y\u00dcM\u00dc HER HAL\u0130YLE.<\/p>\n<p>YAZDIKLARIMDA B\u0130R KUSUR VARSA,<br \/>\nHATA NAMINA B\u0130R YAZI VARSA,<br \/>\nS\u00d6YLEMED\u0130\u011e\u0130M S\u00d6ZC\u00dcK KALDIYSA,<br \/>\nOLSUN CANIM ARTIK O KADARIDA<\/p>\n","protected":false},"excerpt":{"rendered":"<p>DURA\u011eIN G\u00dcZEL \u0130NSANI SELAM DURA\u011eIN G\u00dcZEL \u0130NSANI TOPRAK KOKAN K\u00d6Y ANALARI, \u00c7\u0130\u011eDEM T\u00dcTEN BAYIRLARI, S\u0130ZEDE SELAM YE\u015e\u0130L DA\u011eLARI K\u00d6RGUYUN SUYUNA SELAM OLSUN YAR, FEDAKAR ANALARA KURBAN OLSUNLAR, SELAM VERMEYENE DERMAN BULSUNLAR, SELAMSIZ OLMAZ B\u0130Z\u0130M K\u00d6Y\u00dcM\u00dcZ YAR. TABAKHANEYE BAH\u00c7E EKERLER, ODUNU BALTA \u0130LE KESERLER, SEVEREK \u0130\u015e, \u0130\u015eLERLER DURAK K\u00d6Y\u00dcN\u00dcN \u015e\u0130R\u0130N \u0130NSANI. BEKLED\u0130M MECEKTEN GELS\u0130NLER D\u0130YE. SEYD\u0130\u015eEH\u0130R [&hellip;]<\/p>\n","protected":false},"author":1,"featured_media":576,"parent":193,"menu_order":0,"comment_status":"closed","ping_status":"closed","template":"","meta":[],"_links":{"self":[{"href":"https:\/\/durakkoyu.biz\/index.php?rest_route=\/wp\/v2\/pages\/4948"}],"collection":[{"href":"https:\/\/durakkoyu.biz\/index.php?rest_route=\/wp\/v2\/pages"}],"about":[{"href":"https:\/\/durakkoyu.biz\/index.php?rest_route=\/wp\/v2\/types\/page"}],"author":[{"embeddable":true,"href":"https:\/\/durakkoyu.biz\/index.php?rest_route=\/wp\/v2\/users\/1"}],"replies":[{"embeddable":true,"href":"https:\/\/durakkoyu.biz\/index.php?rest_route=%2Fwp%2Fv2%2Fcomments&post=4948"}],"version-history":[{"count":2,"href":"https:\/\/durakkoyu.biz\/index.php?rest_route=\/wp\/v2\/pages\/4948\/revisions"}],"predecessor-version":[{"id":4951,"href":"https:\/\/durakkoyu.biz\/index.php?rest_route=\/wp\/v2\/pages\/4948\/revisions\/4951"}],"up":[{"embeddable":true,"href":"https:\/\/durakkoyu.biz\/index.php?rest_route=\/wp\/v2\/pages\/193"}],"wp:featuredmedia":[{"embeddable":true,"href":"https:\/\/durakkoyu.biz\/index.php?rest_route=\/wp\/v2\/media\/576"}],"wp:attachment":[{"href":"https:\/\/durakkoyu.biz\/index.php?rest_route=%2Fwp%2Fv2%2Fmedia&parent=4948"}],"curies":[{"name":"wp","href":"https:\/\/api.w.org\/{rel}","templated":true}]}}