{"id":38,"date":"2019-01-22T23:17:18","date_gmt":"2019-01-22T23:17:18","guid":{"rendered":"http:\/\/wordpress.durakkoyu.com\/?page_id=38"},"modified":"2019-02-12T00:00:46","modified_gmt":"2019-02-11T23:00:46","slug":"resimler","status":"publish","type":"page","link":"https:\/\/durakkoyu.biz\/?page_id=38","title":{"rendered":"Multimedya"},"content":{"rendered":"\n<figure>Multimedya b\u00f6l\u00fcm\u00fcm\u00fczde sizlere k\u00f6y\u00fcm\u00fcz ve k\u00f6yl\u00fclerimizle alakal\u0131 hert\u00fcrl\u00fc foto\u011fraf ve g\u00f6r\u00fcnt\u00fclere yer verece\u011fiz fakat sizlerin katk\u0131lar\u0131n\u0131 istirham ediyoruz.\u00a0<br \/><br \/><a title=\"Durak K\u00f6y\u00fc Multimedya B\u00f6l\u00fcm\u00fc\" href=\".\/wp-content\/uploads\/2019\/02\/multimedya_dk.jpg\" rel=\"lightbox[roadtrip]\"><img loading=\"lazy\" src=\".\/wp-content\/uploads\/2019\/02\/multimedya_dk.jpg\" alt=\"\" width=\"540\" height=\"323\" border=\"0\" \/><\/a><\/figure>\n","protected":false},"excerpt":{"rendered":"","protected":false},"author":1,"featured_media":0,"parent":0,"menu_order":0,"comment_status":"closed","ping_status":"closed","template":"","meta":[],"_links":{"self":[{"href":"https:\/\/durakkoyu.biz\/index.php?rest_route=\/wp\/v2\/pages\/38"}],"collection":[{"href":"https:\/\/durakkoyu.biz\/index.php?rest_route=\/wp\/v2\/pages"}],"about":[{"href":"https:\/\/durakkoyu.biz\/index.php?rest_route=\/wp\/v2\/types\/page"}],"author":[{"embeddable":true,"href":"https:\/\/durakkoyu.biz\/index.php?rest_route=\/wp\/v2\/users\/1"}],"replies":[{"embeddable":true,"href":"https:\/\/durakkoyu.biz\/index.php?rest_route=%2Fwp%2Fv2%2Fcomments&post=38"}],"version-history":[{"count":6,"href":"https:\/\/durakkoyu.biz\/index.php?rest_route=\/wp\/v2\/pages\/38\/revisions"}],"predecessor-version":[{"id":754,"href":"https:\/\/durakkoyu.biz\/index.php?rest_route=\/wp\/v2\/pages\/38\/revisions\/754"}],"wp:attachment":[{"href":"https:\/\/durakkoyu.biz\/index.php?rest_route=%2Fwp%2Fv2%2Fmedia&parent=38"}],"curies":[{"name":"wp","href":"https:\/\/api.w.org\/{rel}","templated":true}]}}