{"id":197,"date":"2019-02-07T00:19:47","date_gmt":"2019-02-06T23:19:47","guid":{"rendered":"http:\/\/wordpress.durakkoyu.com\/?page_id=197"},"modified":"2019-06-15T23:06:47","modified_gmt":"2019-06-15T22:06:47","slug":"azalar","status":"publish","type":"page","link":"https:\/\/durakkoyu.biz\/?page_id=197","title":{"rendered":"Azalar"},"content":{"rendered":"<table border=\"0\">\n<tbody>\n<tr>\n<td width=\"33%\"><a title=\"1.ci Aza\" href=\".\/wp-content\/uploads\/2019\/02\/resimyok.png\" rel=\"lightbox[roadtrip]\"><img loading=\"lazy\" src=\".\/wp-content\/uploads\/2019\/02\/resimyok.png\" alt=\"\" width=\"130\" height=\"172\" border=\"0\" \/><\/a><\/td>\n<td width=\"33%\"><a title=\"1.ci Aza\" href=\".\/wp-content\/uploads\/2019\/02\/resimyok.png\" rel=\"lightbox[roadtrip]\"><img loading=\"lazy\" src=\".\/wp-content\/uploads\/2019\/02\/resimyok.png\" alt=\"\" width=\"130\" height=\"172\" border=\"0\" \/><\/a><\/td>\n<td width=\"33%\"><a title=\"1.ci Aza\" href=\".\/wp-content\/uploads\/2019\/02\/resimyok.png\" rel=\"lightbox[roadtrip]\"><img loading=\"lazy\" src=\".\/wp-content\/uploads\/2019\/02\/resimyok.png\" alt=\"\" width=\"130\" height=\"172\" border=\"0\" \/><\/a><\/td>\n<\/tr>\n<tr>\n<td>1. Aza:<br \/>\nAhmet G\u00fczelim<\/td>\n<td>2. Aza:<br \/>\nMustafa (Muzaffer) G\u00fcll\u00fc<\/td>\n<td>3. Aza:<br \/>\nRamazan Ad\u0131g\u00fczel<\/td>\n<\/tr>\n<tr>\n<td><a title=\"4.ci Aza Orhan Ad\u0131g\u00fczel\" href=\".\/wp-content\/uploads\/2019\/02\/resimyok.png\" rel=\"lightbox[roadtrip]\"><img loading=\"lazy\" src=\".\/wp-content\/uploads\/2019\/02\/resimyok.png\" alt=\"\" width=\"130\" height=\"172\" border=\"0\" \/><\/a><\/td>\n<td><img loading=\"lazy\" src=\".\/wp-content\/uploads\/2019\/02\/resimyok.png\" alt=\"\" width=\"130\" height=\"172\" \/><\/td>\n<td><img loading=\"lazy\" src=\".\/wp-content\/uploads\/2019\/02\/resimyok.png\" alt=\"\" width=\"130\" height=\"172\" \/><\/td>\n<\/tr>\n<tr>\n<td>4. Aza:<br \/>\nNevzat G\u00fczel<\/td>\n<td>1. Yedek:<br \/>\n\u0130brahim Ko\u00e7ak<\/td>\n<td>2. Yedek:<br \/>\nMehmet Ad\u0131g\u00fczel<\/td>\n<\/tr>\n<\/tbody>\n<\/table>\n","protected":false},"excerpt":{"rendered":"<p>1. Aza: Ahmet G\u00fczelim 2. Aza: Mustafa (Muzaffer) G\u00fcll\u00fc 3. Aza: Ramazan Ad\u0131g\u00fczel 4. Aza: Nevzat G\u00fczel 1. Yedek: \u0130brahim Ko\u00e7ak 2. Yedek: Mehmet Ad\u0131g\u00fczel<\/p>\n","protected":false},"author":1,"featured_media":0,"parent":602,"menu_order":0,"comment_status":"closed","ping_status":"closed","template":"","meta":[],"_links":{"self":[{"href":"https:\/\/durakkoyu.biz\/index.php?rest_route=\/wp\/v2\/pages\/197"}],"collection":[{"href":"https:\/\/durakkoyu.biz\/index.php?rest_route=\/wp\/v2\/pages"}],"about":[{"href":"https:\/\/durakkoyu.biz\/index.php?rest_route=\/wp\/v2\/types\/page"}],"author":[{"embeddable":true,"href":"https:\/\/durakkoyu.biz\/index.php?rest_route=\/wp\/v2\/users\/1"}],"replies":[{"embeddable":true,"href":"https:\/\/durakkoyu.biz\/index.php?rest_route=%2Fwp%2Fv2%2Fcomments&post=197"}],"version-history":[{"count":10,"href":"https:\/\/durakkoyu.biz\/index.php?rest_route=\/wp\/v2\/pages\/197\/revisions"}],"predecessor-version":[{"id":4027,"href":"https:\/\/durakkoyu.biz\/index.php?rest_route=\/wp\/v2\/pages\/197\/revisions\/4027"}],"up":[{"embeddable":true,"href":"https:\/\/durakkoyu.biz\/index.php?rest_route=\/wp\/v2\/pages\/602"}],"wp:attachment":[{"href":"https:\/\/durakkoyu.biz\/index.php?rest_route=%2Fwp%2Fv2%2Fmedia&parent=197"}],"curies":[{"name":"wp","href":"https:\/\/api.w.org\/{rel}","templated":true}]}}