{"id":186,"date":"2019-02-06T23:19:46","date_gmt":"2019-02-06T23:19:46","guid":{"rendered":"http:\/\/wordpress.durakkoyu.com\/?page_id=186"},"modified":"2019-06-21T17:33:49","modified_gmt":"2019-06-21T16:33:49","slug":"360-sanal-tur","status":"publish","type":"page","link":"https:\/\/durakkoyu.biz\/?page_id=186","title":{"rendered":"360\u00b0 Sanal Tur"},"content":{"rendered":"<p><a title=\"Durak K\u00f6y\u00fc 360\u00b0 Sanal Tur\" href=\"https:\/\/durakkoyu.com\/sanaltur\/index.html\" target=\"_blank\" rel=\"noopener noreferrer\"><img loading=\"lazy\" src=\".\/wp-content\/uploads\/2019\/02\/sanaltur.png\" alt=\"\" width=\"540\" height=\"249\" \/><\/a><\/p>\n<p>Sen neredeysen \u015fimdi <strong>Durak K\u00f6y\u00fc 360\u00b0 Sanal Tur<\/strong> da ak\u0131ll\u0131 telefonlar\u0131n\u0131zda k\u00f6y\u00fcn\u00fcz\u00fc her yerde ya\u015fay\u0131n ve ya\u015fat\u0131n!<\/p>\n","protected":false},"excerpt":{"rendered":"<p>Sen neredeysen \u015fimdi Durak K\u00f6y\u00fc 360\u00b0 Sanal Tur da ak\u0131ll\u0131 telefonlar\u0131n\u0131zda k\u00f6y\u00fcn\u00fcz\u00fc her yerde ya\u015fay\u0131n ve ya\u015fat\u0131n!<\/p>\n","protected":false},"author":1,"featured_media":0,"parent":38,"menu_order":0,"comment_status":"closed","ping_status":"closed","template":"","meta":[],"_links":{"self":[{"href":"https:\/\/durakkoyu.biz\/index.php?rest_route=\/wp\/v2\/pages\/186"}],"collection":[{"href":"https:\/\/durakkoyu.biz\/index.php?rest_route=\/wp\/v2\/pages"}],"about":[{"href":"https:\/\/durakkoyu.biz\/index.php?rest_route=\/wp\/v2\/types\/page"}],"author":[{"embeddable":true,"href":"https:\/\/durakkoyu.biz\/index.php?rest_route=\/wp\/v2\/users\/1"}],"replies":[{"embeddable":true,"href":"https:\/\/durakkoyu.biz\/index.php?rest_route=%2Fwp%2Fv2%2Fcomments&post=186"}],"version-history":[{"count":5,"href":"https:\/\/durakkoyu.biz\/index.php?rest_route=\/wp\/v2\/pages\/186\/revisions"}],"predecessor-version":[{"id":4072,"href":"https:\/\/durakkoyu.biz\/index.php?rest_route=\/wp\/v2\/pages\/186\/revisions\/4072"}],"up":[{"embeddable":true,"href":"https:\/\/durakkoyu.biz\/index.php?rest_route=\/wp\/v2\/pages\/38"}],"wp:attachment":[{"href":"https:\/\/durakkoyu.biz\/index.php?rest_route=%2Fwp%2Fv2%2Fmedia&parent=186"}],"curies":[{"name":"wp","href":"https:\/\/api.w.org\/{rel}","templated":true}]}}