{"id":185,"date":"2019-02-06T23:19:46","date_gmt":"2019-02-06T23:19:46","guid":{"rendered":"http:\/\/wordpress.durakkoyu.com\/?page_id=185"},"modified":"2019-05-31T00:25:13","modified_gmt":"2019-05-30T23:25:13","slug":"duvar-kagitlari","status":"publish","type":"page","link":"https:\/\/durakkoyu.biz\/?page_id=185","title":{"rendered":"Duvar Ka\u011f\u0131tlar\u0131"},"content":{"rendered":"<table width=\"100%\" cellspacing=\"50\">\n<tbody>\n<tr>\n<td style=\"text-align: left;\"><a href=\".\/wp-content\/uploads\/2019\/02\/beysehir_golu_dk_01.jpg\" rel=\"lightbox[roadtrip]\"><img loading=\"lazy\" src=\".\/wp-content\/uploads\/2019\/02\/beysehir_golu_dk_01.jpg\" width=\"200\" height=\"150\" \/><br \/>\n<\/a><center>beysehir_golu_dk_01<\/center><\/td>\n<td style=\"text-align: left;\"><a href=\".\/wp-content\/uploads\/2019\/02\/dk_0910_index_b.jpg\" rel=\"lightbox[roadtrip]\"><img loading=\"lazy\" src=\".\/wp-content\/uploads\/2019\/02\/dk_0910_index_b.jpg\" width=\"200\" height=\"150\" \/><br \/>\n<\/a><center>dk_0910_index_b<\/center><\/td>\n<\/tr>\n<tr>\n<td><a href=\".\/wp-content\/uploads\/2019\/02\/ferman_dk.jpg\" rel=\"lightbox[roadtrip]\"><img loading=\"lazy\" src=\".\/wp-content\/uploads\/2019\/02\/ferman_dk.jpg\" width=\"200\" height=\"150\" \/><br \/>\n<\/a><center>ferman_dk<\/center><\/td>\n<td><a href=\".\/wp-content\/uploads\/2019\/02\/dk_simple.jpg\" rel=\"lightbox[roadtrip]\"><img loading=\"lazy\" src=\".\/wp-content\/uploads\/2019\/02\/dk_simple.jpg\" width=\"200\" height=\"150\" \/><br \/>\n<\/a><center>dk_simple<\/center><\/td>\n<\/tr>\n<tr>\n<td><a href=\".\/wp-content\/uploads\/2019\/02\/dk_0809.jpg\" rel=\"lightbox[roadtrip]\"><img loading=\"lazy\" src=\".\/wp-content\/uploads\/2019\/02\/dk_0809.jpg\" width=\"200\" height=\"150\" \/><br \/>\n<\/a><center>dk_0809<\/center><\/td>\n<td><a href=\".\/wp-content\/uploads\/2019\/02\/durak-42.jpg\" rel=\"lightbox[roadtrip]\"><img loading=\"lazy\" src=\".\/wp-content\/uploads\/2019\/02\/durak-42.jpg\" width=\"200\" height=\"150\" \/><br \/>\n<\/a><center>durak-42<\/center><\/td>\n<\/tr>\n<tr>\n<td><a href=\".\/wp-content\/uploads\/2019\/02\/dk_orbs.jpg\" rel=\"lightbox[roadtrip]\"><img loading=\"lazy\" src=\".\/wp-content\/uploads\/2019\/02\/dk_orbs.jpg\" width=\"200\" height=\"150\" \/><br \/>\n<\/a><center>dk_orbs<\/center><\/td>\n<td><a href=\".\/wp-content\/uploads\/2019\/02\/durak42_00se.jpg\" rel=\"lightbox[roadtrip]\"><img loading=\"lazy\" src=\".\/wp-content\/uploads\/2019\/02\/durak42_00se.jpg\" width=\"200\" height=\"150\" \/><br \/>\n<\/a><center>durak42_00se<\/center><\/td>\n<\/tr>\n<tr>\n<td><a href=\".\/wp-content\/uploads\/2019\/02\/dk_dergah.jpg\" rel=\"lightbox[roadtrip]\"><img loading=\"lazy\" src=\".\/wp-content\/uploads\/2019\/02\/dk_dergah.jpg\" width=\"200\" height=\"150\" \/><br \/>\n<\/a><center>dk_dergah<\/center><\/td>\n<td><a href=\".\/wp-content\/uploads\/2019\/02\/dk_arkaplan_42.jpg\" rel=\"lightbox[roadtrip]\"><img loading=\"lazy\" src=\".\/wp-content\/uploads\/2019\/02\/dk_arkaplan_42.jpg\" width=\"200\" height=\"150\" \/><br \/>\n<\/a><center>dk_arkaplan_42<\/center><\/td>\n<\/tr>\n<tr>\n<td><a href=\".\/wp-content\/uploads\/2019\/02\/han_dk_01.jpg\" rel=\"lightbox[roadtrip]\"><img loading=\"lazy\" src=\".\/wp-content\/uploads\/2019\/02\/han_dk_01.jpg\" width=\"200\" height=\"150\" \/><br \/>\n<\/a><center>han_dk_01<\/center><\/td>\n<td><a href=\".\/wp-content\/uploads\/2019\/02\/dk_arkaplan.jpg\" rel=\"lightbox[roadtrip]\"><img loading=\"lazy\" src=\".\/wp-content\/uploads\/2019\/02\/dk_arkaplan.jpg\" width=\"200\" height=\"150\" \/><br \/>\n<\/a><center>dk_arkaplan<\/center><\/td>\n<\/tr>\n<tr>\n<td><a href=\".\/wp-content\/uploads\/2019\/02\/dk_arkaplan_42_01.jpg\" rel=\"lightbox[roadtrip]\"><img loading=\"lazy\" src=\".\/wp-content\/uploads\/2019\/02\/dk_arkaplan_42_01.jpg\" width=\"200\" height=\"150\" \/><br \/>\n<\/a><center>dk_arkaplan_42_01<\/center><\/td>\n<td><a href=\".\/wp-content\/uploads\/2019\/02\/dk_gelincik_03.jpg\" rel=\"lightbox[roadtrip]\"><img loading=\"lazy\" src=\".\/wp-content\/uploads\/2019\/02\/dk_gelincik_03.jpg\" width=\"200\" height=\"150\" \/><br \/>\n<\/a><center>dk_gelincik_03<\/center><\/td>\n<\/tr>\n<tr>\n<td><a href=\".\/wp-content\/uploads\/2019\/02\/dk_gelincik.jpg\" rel=\"lightbox[roadtrip]\"><img loading=\"lazy\" src=\".\/wp-content\/uploads\/2019\/02\/dk_gelincik.jpg\" width=\"200\" height=\"150\" \/><br \/>\n<\/a><center>dk_gelincik<\/center><\/td>\n<td><a href=\".\/wp-content\/uploads\/2019\/02\/beysehir_golu_dk_02.jpg\" rel=\"lightbox[roadtrip]\"><img loading=\"lazy\" src=\".\/wp-content\/uploads\/2019\/02\/beysehir_golu_dk_02.jpg\" width=\"200\" height=\"150\" \/><br \/>\n<\/a><center>beysehir_golu_dk_02<\/center><\/td>\n<\/tr>\n<tr>\n<td><a href=\".\/wp-content\/uploads\/2019\/02\/dk_ball.jpg\" rel=\"lightbox[roadtrip]\"><img loading=\"lazy\" src=\".\/wp-content\/uploads\/2019\/02\/dk_ball.jpg\" width=\"200\" height=\"150\" \/><br \/>\n<\/a><center>dk_ball<\/center><\/td>\n<td><a href=\".\/wp-content\/uploads\/2019\/02\/durak_logo_1024x1024.jpg\" rel=\"lightbox[roadtrip]\"><img loading=\"lazy\" src=\".\/wp-content\/uploads\/2019\/02\/durak_logo_1024x1024.jpg\" width=\"200\" height=\"150\" \/><br \/>\n<\/a><center>durak_logo_(1024&#215;1024)<\/center><\/td>\n<\/tr>\n<\/tbody>\n<\/table>\n","protected":false},"excerpt":{"rendered":"<p>beysehir_golu_dk_01 dk_0910_index_b ferman_dk dk_simple dk_0809 durak-42 dk_orbs durak42_00se dk_dergah dk_arkaplan_42 han_dk_01 dk_arkaplan dk_arkaplan_42_01 dk_gelincik_03 dk_gelincik beysehir_golu_dk_02 dk_ball durak_logo_(1024&#215;1024)<\/p>\n","protected":false},"author":1,"featured_media":0,"parent":38,"menu_order":0,"comment_status":"closed","ping_status":"closed","template":"","meta":[],"_links":{"self":[{"href":"https:\/\/durakkoyu.biz\/index.php?rest_route=\/wp\/v2\/pages\/185"}],"collection":[{"href":"https:\/\/durakkoyu.biz\/index.php?rest_route=\/wp\/v2\/pages"}],"about":[{"href":"https:\/\/durakkoyu.biz\/index.php?rest_route=\/wp\/v2\/types\/page"}],"author":[{"embeddable":true,"href":"https:\/\/durakkoyu.biz\/index.php?rest_route=\/wp\/v2\/users\/1"}],"replies":[{"embeddable":true,"href":"https:\/\/durakkoyu.biz\/index.php?rest_route=%2Fwp%2Fv2%2Fcomments&post=185"}],"version-history":[{"count":6,"href":"https:\/\/durakkoyu.biz\/index.php?rest_route=\/wp\/v2\/pages\/185\/revisions"}],"predecessor-version":[{"id":3956,"href":"https:\/\/durakkoyu.biz\/index.php?rest_route=\/wp\/v2\/pages\/185\/revisions\/3956"}],"up":[{"embeddable":true,"href":"https:\/\/durakkoyu.biz\/index.php?rest_route=\/wp\/v2\/pages\/38"}],"wp:attachment":[{"href":"https:\/\/durakkoyu.biz\/index.php?rest_route=%2Fwp%2Fv2%2Fmedia&parent=185"}],"curies":[{"name":"wp","href":"https:\/\/api.w.org\/{rel}","templated":true}]}}