{"id":183,"date":"2019-02-06T23:19:46","date_gmt":"2019-02-06T23:19:46","guid":{"rendered":"http:\/\/wordpress.durakkoyu.com\/?page_id=183"},"modified":"2019-06-21T17:38:24","modified_gmt":"2019-06-21T16:38:24","slug":"hatiralar","status":"publish","type":"page","link":"https:\/\/durakkoyu.biz\/?page_id=183","title":{"rendered":"Hat\u0131ralar"},"content":{"rendered":"<p><a href=\"https:\/\/durakkoyu.com\/albumler\/dk_arsiv_04\/index.html\" target=\"_blank\" rel=\"noopener noreferrer\"><img loading=\"lazy\" src=\".\/wp-content\/uploads\/2019\/02\/arsiv_dk_04.jpg\" alt=\"Durak K\u00f6y\u00fc Hat\u0131ralar (Ar\u015fiv) Alb\u00fcm\u00fc 04\" width=\"540\" height=\"213\" border=\"0\" \/><\/a><br \/>\n&nbsp;<br \/>\n<a href=\"https:\/\/durakkoyu.com\/albumler\/dk_arsiv_03\/index.html\" target=\"_blank\" rel=\"noopener noreferrer\"><img loading=\"lazy\" src=\".\/wp-content\/uploads\/2019\/02\/arsiv_dk_03.jpg\" alt=\"Durak K\u00f6y\u00fc Hat\u0131ralar (Ar\u015fiv) Alb\u00fcm\u00fc 03\" width=\"540\" height=\"213\" border=\"0\" \/><\/a><br \/>\n&nbsp;<br \/>\n<a href=\"https:\/\/durakkoyu.com\/albumler\/dk_arsiv_02\/index.html\" target=\"_blank\" rel=\"noopener noreferrer\"><img loading=\"lazy\" src=\".\/wp-content\/uploads\/2019\/02\/arsiv_dk_02.jpg\" alt=\"Durak K\u00f6y\u00fc Hat\u0131ralar (Ar\u015fiv) Alb\u00fcm\u00fc 02\" width=\"540\" height=\"213\" border=\"0\" \/><\/a><br \/>\n&nbsp;<br \/>\n<a href=\"https:\/\/durakkoyu.com\/albumler\/dk_arsiv_01\/index.html\" target=\"_blank\" rel=\"noopener noreferrer\"><img loading=\"lazy\" src=\".\/wp-content\/uploads\/2019\/02\/arsiv_dk_01.jpg\" alt=\"Durak K\u00f6y\u00fc Hat\u0131ralar (Ar\u015fiv) Alb\u00fcm\u00fc 01 \" width=\"540\" height=\"213\" border=\"0\" \/><\/a><\/p>\n","protected":false},"excerpt":{"rendered":"<p>&nbsp; &nbsp; &nbsp;<\/p>\n","protected":false},"author":1,"featured_media":0,"parent":38,"menu_order":0,"comment_status":"closed","ping_status":"closed","template":"","meta":[],"_links":{"self":[{"href":"https:\/\/durakkoyu.biz\/index.php?rest_route=\/wp\/v2\/pages\/183"}],"collection":[{"href":"https:\/\/durakkoyu.biz\/index.php?rest_route=\/wp\/v2\/pages"}],"about":[{"href":"https:\/\/durakkoyu.biz\/index.php?rest_route=\/wp\/v2\/types\/page"}],"author":[{"embeddable":true,"href":"https:\/\/durakkoyu.biz\/index.php?rest_route=\/wp\/v2\/users\/1"}],"replies":[{"embeddable":true,"href":"https:\/\/durakkoyu.biz\/index.php?rest_route=%2Fwp%2Fv2%2Fcomments&post=183"}],"version-history":[{"count":3,"href":"https:\/\/durakkoyu.biz\/index.php?rest_route=\/wp\/v2\/pages\/183\/revisions"}],"predecessor-version":[{"id":4075,"href":"https:\/\/durakkoyu.biz\/index.php?rest_route=\/wp\/v2\/pages\/183\/revisions\/4075"}],"up":[{"embeddable":true,"href":"https:\/\/durakkoyu.biz\/index.php?rest_route=\/wp\/v2\/pages\/38"}],"wp:attachment":[{"href":"https:\/\/durakkoyu.biz\/index.php?rest_route=%2Fwp%2Fv2%2Fmedia&parent=183"}],"curies":[{"name":"wp","href":"https:\/\/api.w.org\/{rel}","templated":true}]}}