{"id":182,"date":"2019-02-06T23:19:46","date_gmt":"2019-02-06T23:19:46","guid":{"rendered":"http:\/\/wordpress.durakkoyu.com\/?page_id=182"},"modified":"2019-06-21T17:36:16","modified_gmt":"2019-06-21T16:36:16","slug":"fotograf-albuemue","status":"publish","type":"page","link":"https:\/\/durakkoyu.biz\/?page_id=182","title":{"rendered":"Foto\u011fraf Alb\u00fcm\u00fc"},"content":{"rendered":"<p><a href=\"https:\/\/durakkoyu.com\/albumler\/dk_album_2010\/index.html\" target=\"_blank\" rel=\"noopener noreferrer\"><img loading=\"lazy\" src=\".\/wp-content\/uploads\/2019\/02\/album_dk_04.jpg\" alt=\"Durak K\u00f6y\u00fc Foto\u011fraf Alb\u00fcm\u00fc 04 (2010)\" width=\"540\" height=\"213\" border=\"0\" \/><\/a><\/p>\n<p><a href=\"https:\/\/durakkoyu.com\/albumler\/dk_album_2009\/index.html\" target=\"_blank\" rel=\"noopener noreferrer\"><img loading=\"lazy\" src=\".\/wp-content\/uploads\/2019\/02\/album_dk_03.jpg\" alt=\"Durak K\u00f6y\u00fc Foto\u011fraf Alb\u00fcm\u00fc 03 (2009)\" width=\"540\" height=\"213\" border=\"0\" \/><\/a><\/p>\n<p><a href=\"https:\/\/durakkoyu.com\/albumler\/dk_album_2008\/index.html\" target=\"_blank\" rel=\"noopener noreferrer\"><img loading=\"lazy\" src=\".\/wp-content\/uploads\/2019\/02\/album_dk_02.jpg\" alt=\"Durak K\u00f6y\u00fc Foto\u011fraf Alb\u00fcm\u00fc 02 (2008)\" width=\"540\" height=\"213\" border=\"0\" \/><\/a><\/p>\n<p><a href=\"https:\/\/durakkoyu.com\/albumler\/dk_album_2002\/index.html\" target=\"_blank\" rel=\"noopener noreferrer\"><img loading=\"lazy\" src=\".\/wp-content\/uploads\/2019\/02\/album_dk_01.jpg\" alt=\"Durak K\u00f6y\u00fc Foto\u011fraf Alb\u00fcm\u00fc 01 (2002 - 2007)\" width=\"540\" height=\"213\" border=\"0\" \/><\/a><\/p>\n","protected":false},"excerpt":{"rendered":"","protected":false},"author":1,"featured_media":0,"parent":38,"menu_order":0,"comment_status":"closed","ping_status":"closed","template":"","meta":[],"_links":{"self":[{"href":"https:\/\/durakkoyu.biz\/index.php?rest_route=\/wp\/v2\/pages\/182"}],"collection":[{"href":"https:\/\/durakkoyu.biz\/index.php?rest_route=\/wp\/v2\/pages"}],"about":[{"href":"https:\/\/durakkoyu.biz\/index.php?rest_route=\/wp\/v2\/types\/page"}],"author":[{"embeddable":true,"href":"https:\/\/durakkoyu.biz\/index.php?rest_route=\/wp\/v2\/users\/1"}],"replies":[{"embeddable":true,"href":"https:\/\/durakkoyu.biz\/index.php?rest_route=%2Fwp%2Fv2%2Fcomments&post=182"}],"version-history":[{"count":4,"href":"https:\/\/durakkoyu.biz\/index.php?rest_route=\/wp\/v2\/pages\/182\/revisions"}],"predecessor-version":[{"id":4074,"href":"https:\/\/durakkoyu.biz\/index.php?rest_route=\/wp\/v2\/pages\/182\/revisions\/4074"}],"up":[{"embeddable":true,"href":"https:\/\/durakkoyu.biz\/index.php?rest_route=\/wp\/v2\/pages\/38"}],"wp:attachment":[{"href":"https:\/\/durakkoyu.biz\/index.php?rest_route=%2Fwp%2Fv2%2Fmedia&parent=182"}],"curies":[{"name":"wp","href":"https:\/\/api.w.org\/{rel}","templated":true}]}}