{"id":181,"date":"2019-02-06T23:19:45","date_gmt":"2019-02-06T23:19:45","guid":{"rendered":"http:\/\/wordpress.durakkoyu.com\/?page_id=181"},"modified":"2019-09-14T00:18:10","modified_gmt":"2019-09-13T23:18:10","slug":"basindan","status":"publish","type":"page","link":"https:\/\/durakkoyu.biz\/?page_id=181","title":{"rendered":"Bas\u0131ndan"},"content":{"rendered":"<p><img loading=\"lazy\" class=\"alignnone\" style=\"margin: 5px; float: left;\" src=\"\/wp-content\/uploads\/2019\/09\/milliyet-roportaj-ali_akkanat.jpg\" alt=\"ogretmenlikten imparatorluga\" width=\"171\" height=\"235\" \/><\/p>\n<p><strong>\u00d6\u011eRETMENL\u0130KTEN \u0130MPARATORLU\u011eA!<\/strong><\/p>\n<div><strong><em>Tarih: 27.05.2013<\/em><\/strong><\/div>\n<div><em>Kaynak: <a href=\"http:\/\/www.milliyet.com.tr\/ekonomi\/ogretmenlikten-imparatorluga-1714474\" target=\"_blank\" rel=\"noopener noreferrer\">milliyet.com.tr<\/a><\/em><\/div>\n<p>T\u00fcrkiye\u2019nin en b\u00fcy\u00fck 10 tekstil ihracat\u00e7\u0131s\u0131 aras\u0131nda yer alan Ali Akkanat, \u201cTekstil \u015fova gelmez\u201d diyor. Olimpiyat standartlar\u0131ndaki \u00fcretimi Adidas gibi d\u00fcnya devlerinin g\u00f6zdesi. Ali Akkanat tekstilin yan\u0131 s\u0131ra turizm ve enerjiyle de b\u00fcy\u00fcyor. Onunki \u00f6\u011fretmenlikten, 300 milyon dolarl\u0131k tekstil ve turizm imparatorlu\u011funa bir yolculuk&#8230;<br \/>\nAli Akkanat, 1985\u2019li y\u0131llarda Bey\u015fehir\u2019e a\u00e7t\u0131\u011f\u0131 tekstil fabrikas\u0131n\u0131n pazarlama aya\u011f\u0131n\u0131 Almanya\u2019da kurunca y\u00fckseli\u015f \u00f6yk\u00fcs\u00fc de ba\u015fl\u0131yor. Konya\u2019da \u00fcretim yapan fabrika sipari\u015f sorunu ya\u015famadan milyonlarca adedi Almanya\u2019ya ihra\u00e7 etmeye ba\u015fl\u0131yor.<br \/>\n\u201cMevlana\u2019n\u0131n memleketinden geliyorum, ilk fabrikay\u0131 Bey\u015fehir\u2019de a\u00e7\u0131nca bana yanl\u0131\u015f yap\u0131yorsun diyenler M\u0131s\u0131r\u2019a, \u00dcrd\u00fcn\u2019e gitti\u201d diyor.<br \/>\nMevlana a\u015f\u0131\u011f\u0131&#8230; Konya\u2019daki t\u00fcrbenin d\u0131\u015f restorasyonu onun deste\u011fiyle yap\u0131ld\u0131, bu y\u0131l i\u00e7 restorasyon tamamlanacak. Zamanla yat\u0131r\u0131m portf\u00f6y\u00fcne turizm ve enerji i\u015fleri de giriyor. Belek Kempinski Hotel Dome, Belek Sirene Antalya Golf Club turizm yat\u0131r\u0131mlar\u0131ndan birka\u00e7\u0131.<\/p>\n<p><a href=\".\/wp-content\/uploads\/2019\/09\/ogretmenlikten-imparatorluga_milliyet_gazetesi.pdf\" target=\"_blank\" rel=\"noopener noreferrer\"> Devam\u0131 \u0130\u00e7in T\u0131klay\u0131n \u00bb<\/a><\/p>\n<p><img loading=\"lazy\" style=\"margin: 5px; float: left;\" src=\"\/wp-content\/uploads\/2019\/09\/ago-roportaj-metropoldergisi-pdf.jpg\" alt=\"Bas\u0131nda AGO\" width=\"171\" height=\"235\" \/><\/p>\n<p><strong>Anadolu Geli\u015fim Okullar\u0131 Sahibi Musfata AK\u00c7AY<\/strong><\/p>\n<div><strong><em>Tarih: May\u0131s 2019<\/em><\/strong><\/div>\n<div><em>Kaynak: <a href=\"https:\/\/issuu.com\/metropoldergileri\/docs\/metropol_konya_58\" target=\"_blank\" rel=\"noopener noreferrer\">METROPOL KONYA DERG\u0130S\u0130 (58. SAYI)<\/a><\/em><\/div>\n<p>Sadece Konya\u2019da de\u011fil T\u00fcrkiye\u2019de de ilklerin okulu olmay\u0131 ba\u015faran <b>Anadolu Geli\u015fim Okullar\u0131<\/b>, sundu\u011fu e\u011fitim anlay\u0131\u015f\u0131yla ad\u0131ndan s\u0131k\u00e7a s\u00f6z ettirecek. E\u011fitime g\u00f6n\u00fclden destek veren ve en iyiyi ba\u015farabilmek i\u00e7in yola \u00e7\u0131kan <b>Anadolu Geli\u015fim Okullar\u0131<\/b>\u2019n\u0131n Sahibi Mustafa Ak\u00e7ay ile bu yeni anlay\u0131\u015f\u0131 konu\u015ftuk. E\u011fitimde olanla yetinmeyip en iyisine ula\u015fmay\u0131 hedefleyen Mustafa Bey; ma\u00e7lar\u0131n\u0131n sadece e\u011fitim olmad\u0131\u011f\u0131n\u0131, iyi bir e\u011fitim vermenin yan\u0131 s\u0131ra d\u00fcnya insanlar\u0131 yeti\u015ftirmek istediklerini dile getirdi.<\/p>\n<p><a href=\".\/wp-content\/uploads\/2019\/09\/ago-roportaj-metropoldergisi.pdf\" target=\"_blank\" rel=\"noopener noreferrer\"> Devam\u0131 \u0130\u00e7in T\u0131klay\u0131n \u00bb<\/a><\/p>\n","protected":false},"excerpt":{"rendered":"<p>\u00d6\u011eRETMENL\u0130KTEN \u0130MPARATORLU\u011eA! Tarih: 27.05.2013 Kaynak: milliyet.com.tr T\u00fcrkiye\u2019nin en b\u00fcy\u00fck 10 tekstil ihracat\u00e7\u0131s\u0131 aras\u0131nda yer alan Ali Akkanat, \u201cTekstil \u015fova gelmez\u201d diyor. Olimpiyat standartlar\u0131ndaki \u00fcretimi Adidas gibi d\u00fcnya devlerinin g\u00f6zdesi. Ali Akkanat tekstilin yan\u0131 s\u0131ra turizm ve enerjiyle de b\u00fcy\u00fcyor. Onunki \u00f6\u011fretmenlikten, 300 milyon dolarl\u0131k tekstil ve turizm imparatorlu\u011funa bir yolculuk&#8230; Ali Akkanat, 1985\u2019li y\u0131llarda Bey\u015fehir\u2019e [&hellip;]<\/p>\n","protected":false},"author":1,"featured_media":0,"parent":19,"menu_order":0,"comment_status":"closed","ping_status":"closed","template":"","meta":[],"_links":{"self":[{"href":"https:\/\/durakkoyu.biz\/index.php?rest_route=\/wp\/v2\/pages\/181"}],"collection":[{"href":"https:\/\/durakkoyu.biz\/index.php?rest_route=\/wp\/v2\/pages"}],"about":[{"href":"https:\/\/durakkoyu.biz\/index.php?rest_route=\/wp\/v2\/types\/page"}],"author":[{"embeddable":true,"href":"https:\/\/durakkoyu.biz\/index.php?rest_route=\/wp\/v2\/users\/1"}],"replies":[{"embeddable":true,"href":"https:\/\/durakkoyu.biz\/index.php?rest_route=%2Fwp%2Fv2%2Fcomments&post=181"}],"version-history":[{"count":27,"href":"https:\/\/durakkoyu.biz\/index.php?rest_route=\/wp\/v2\/pages\/181\/revisions"}],"predecessor-version":[{"id":4658,"href":"https:\/\/durakkoyu.biz\/index.php?rest_route=\/wp\/v2\/pages\/181\/revisions\/4658"}],"up":[{"embeddable":true,"href":"https:\/\/durakkoyu.biz\/index.php?rest_route=\/wp\/v2\/pages\/19"}],"wp:attachment":[{"href":"https:\/\/durakkoyu.biz\/index.php?rest_route=%2Fwp%2Fv2%2Fmedia&parent=181"}],"curies":[{"name":"wp","href":"https:\/\/api.w.org\/{rel}","templated":true}]}}