{"id":180,"date":"2019-02-06T23:19:45","date_gmt":"2019-02-06T23:19:45","guid":{"rendered":"http:\/\/wordpress.durakkoyu.com\/?page_id=180"},"modified":"2019-03-09T01:30:46","modified_gmt":"2019-03-09T00:30:46","slug":"suelaleleri-soyagaci","status":"publish","type":"page","link":"https:\/\/durakkoyu.biz\/?page_id=180","title":{"rendered":"S\u00fclaleleri (Soya\u011fac\u0131)"},"content":{"rendered":"<ul>\n<li>Abdr\u0131\u015flar &#8211; Hummael<\/li>\n<li>Ad\u0131g\u00fczeller<\/li>\n<li>Ar\u0131klar &#8211; K\u00fckkeler<\/li>\n<li>\u00c7akalel<\/li>\n<li>Di\u011firel<\/li>\n<li>Ecirel<\/li>\n<li>G\u00f6\u011f\u00fc\u015fler<\/li>\n<li>Hac\u0131 Abdullahlar &#8211; K\u00f6leel<\/li>\n<li>\u0130bi\u015f Ahmetler<\/li>\n<li>\u0130mamlar &#8211; Mulla Mehmetel<\/li>\n<li>Kara Mahmutlar<\/li>\n<li>Kara Mehmetler<\/li>\n<li>Kel Kerimler<\/li>\n<li>Keyalar &#8211; Kel Mahmutlar (Ekizler)<\/li>\n<li>Kocaba\u015flar M\u0131s\u0131rl\u0131o\u011fullar\u0131<\/li>\n<li>K\u00f6se Hasanlar<\/li>\n<li>K\u00f6seler<\/li>\n<li>Manavel<\/li>\n<li>M\u0131hl\u0131lar<\/li>\n<li>Musalar<\/li>\n<li>Tombaklar<\/li>\n<li>Topal \u0130bi\u015fel<\/li>\n<li>Z\u0131ngac\u0131lar<\/li>\n<\/ul>\n","protected":false},"excerpt":{"rendered":"<p>Abdr\u0131\u015flar &#8211; Hummael Ad\u0131g\u00fczeller Ar\u0131klar &#8211; K\u00fckkeler \u00c7akalel Di\u011firel Ecirel G\u00f6\u011f\u00fc\u015fler Hac\u0131 Abdullahlar &#8211; K\u00f6leel \u0130bi\u015f Ahmetler \u0130mamlar &#8211; Mulla Mehmetel Kara Mahmutlar Kara Mehmetler Kel Kerimler Keyalar &#8211; Kel Mahmutlar (Ekizler) Kocaba\u015flar M\u0131s\u0131rl\u0131o\u011fullar\u0131 K\u00f6se Hasanlar K\u00f6seler Manavel M\u0131hl\u0131lar Musalar Tombaklar Topal \u0130bi\u015fel Z\u0131ngac\u0131lar<\/p>\n","protected":false},"author":1,"featured_media":0,"parent":19,"menu_order":0,"comment_status":"closed","ping_status":"closed","template":"","meta":[],"_links":{"self":[{"href":"https:\/\/durakkoyu.biz\/index.php?rest_route=\/wp\/v2\/pages\/180"}],"collection":[{"href":"https:\/\/durakkoyu.biz\/index.php?rest_route=\/wp\/v2\/pages"}],"about":[{"href":"https:\/\/durakkoyu.biz\/index.php?rest_route=\/wp\/v2\/types\/page"}],"author":[{"embeddable":true,"href":"https:\/\/durakkoyu.biz\/index.php?rest_route=\/wp\/v2\/users\/1"}],"replies":[{"embeddable":true,"href":"https:\/\/durakkoyu.biz\/index.php?rest_route=%2Fwp%2Fv2%2Fcomments&post=180"}],"version-history":[{"count":4,"href":"https:\/\/durakkoyu.biz\/index.php?rest_route=\/wp\/v2\/pages\/180\/revisions"}],"predecessor-version":[{"id":3333,"href":"https:\/\/durakkoyu.biz\/index.php?rest_route=\/wp\/v2\/pages\/180\/revisions\/3333"}],"up":[{"embeddable":true,"href":"https:\/\/durakkoyu.biz\/index.php?rest_route=\/wp\/v2\/pages\/19"}],"wp:attachment":[{"href":"https:\/\/durakkoyu.biz\/index.php?rest_route=%2Fwp%2Fv2%2Fmedia&parent=180"}],"curies":[{"name":"wp","href":"https:\/\/api.w.org\/{rel}","templated":true}]}}