{"id":173,"date":"2019-02-06T23:19:45","date_gmt":"2019-02-06T23:19:45","guid":{"rendered":"http:\/\/wordpress.durakkoyu.com\/?page_id=173"},"modified":"2019-03-09T00:34:51","modified_gmt":"2019-03-08T23:34:51","slug":"gazi-ve-sehitleri","status":"publish","type":"page","link":"https:\/\/durakkoyu.biz\/?page_id=173","title":{"rendered":"Gazi ve \u015eehitleri"},"content":{"rendered":"<h5 style=\"margin-bottom: 4px; font-size: 16px; text-shadow: #c0c0c0 2px 2px 4px; color: #262422; font-family: Arial; letter-spacing: normal;\">Gazileri<\/h5>\n<table style=\"color: #262422; font-family: Arial; font-size: 13px;\" border=\"0\">\n<tbody>\n<tr>\n<td width=\"33%\"><img loading=\"lazy\" style=\"border-width: 0px; border-style: initial;\" src=\".\/wp-content\/uploads\/2019\/02\/resimyok.png\" alt=\"\" width=\"88\" height=\"120\" \/><\/td>\n<td width=\"33%\"><img loading=\"lazy\" style=\"border-width: 0px; border-style: initial;\" src=\".\/wp-content\/uploads\/2019\/02\/resimyok.png\" alt=\"\" width=\"88\" height=\"120\" \/><\/td>\n<td width=\"33%\"><img loading=\"lazy\" style=\"border-width: 0px; border-style: initial;\" src=\".\/wp-content\/uploads\/2019\/02\/resimyok.png\" alt=\"\" width=\"88\" height=\"120\" \/><\/td>\n<\/tr>\n<tr>\n<td>Ali Onba\u015f\u0131 Ay<\/td>\n<td>H. Hasan Hoca Al\u0131c\u0131g\u00fczel<\/td>\n<td>Tahi\u0131r Efendi Al\u0131c\u0131g\u00fczel<\/td>\n<\/tr>\n<tr>\n<td><img loading=\"lazy\" style=\"border-width: 0px; border-style: initial;\" src=\".\/wp-content\/uploads\/2019\/02\/resimyok.png\" alt=\"\" width=\"88\" height=\"120\" \/><\/td>\n<td><img loading=\"lazy\" style=\"border-width: 0px; border-style: initial;\" src=\".\/wp-content\/uploads\/2019\/02\/resimyok.png\" alt=\"\" width=\"88\" height=\"120\" \/><\/td>\n<td><img loading=\"lazy\" style=\"border-width: 0px; border-style: initial;\" src=\".\/wp-content\/uploads\/2019\/02\/resimyok.png\" alt=\"\" width=\"88\" height=\"120\" \/><\/td>\n<\/tr>\n<tr>\n<td>Hac\u0131 Ak\u00e7ay<\/td>\n<td>Gazi Hac\u0131 Ahmet Ar\u0131c\u0131<\/td>\n<td>K\u00fckkelerin Ali Akkanat<\/td>\n<\/tr>\n<tr>\n<td><img loading=\"lazy\" style=\"border-width: 0px; border-style: initial;\" src=\".\/wp-content\/uploads\/2019\/02\/resimyok.png\" alt=\"\" width=\"88\" height=\"120\" \/><\/td>\n<td><img loading=\"lazy\" style=\"border-width: 0px; border-style: initial;\" src=\".\/wp-content\/uploads\/2019\/02\/resimyok.png\" alt=\"\" width=\"88\" height=\"120\" \/><\/td>\n<td><img loading=\"lazy\" style=\"border-width: 0px; border-style: initial;\" src=\".\/wp-content\/uploads\/2019\/02\/resimyok.png\" alt=\"\" width=\"88\" height=\"120\" \/><\/td>\n<\/tr>\n<tr>\n<td>Boraza&#8217;n\u0131n Ahmet<\/td>\n<td>Boraza&#8217;n\u0131n Abdullah<\/td>\n<td>Dilsiz Bekir<\/td>\n<\/tr>\n<tr>\n<td><img loading=\"lazy\" style=\"border-width: 0px; border-style: initial;\" src=\".\/wp-content\/uploads\/2019\/02\/resimyok.png\" alt=\"\" width=\"88\" height=\"120\" \/><\/td>\n<td><img loading=\"lazy\" style=\"border-width: 0px; border-style: initial;\" src=\".\/wp-content\/uploads\/2019\/02\/resimyok.png\" alt=\"\" width=\"88\" height=\"120\" \/><\/td>\n<td><img loading=\"lazy\" style=\"border-width: 0px; border-style: initial;\" src=\".\/wp-content\/uploads\/2019\/02\/resimyok.png\" alt=\"\" width=\"88\" height=\"120\" \/><\/td>\n<\/tr>\n<tr>\n<td>Gociri \u0130brahim Bal<\/td>\n<td>G\u00f6\u011f Ali \u00c7ukurba\u011f<\/td>\n<td>Ahmet Al\u0131c\u0131o\u011flu<\/td>\n<\/tr>\n<tr>\n<td><img loading=\"lazy\" style=\"border-width: 0px; border-style: initial;\" src=\".\/wp-content\/uploads\/2019\/02\/resimyok.png\" alt=\"\" width=\"88\" height=\"120\" \/><\/td>\n<td><img loading=\"lazy\" style=\"border-width: 0px; border-style: initial;\" src=\".\/wp-content\/uploads\/2019\/02\/resimyok.png\" alt=\"\" width=\"88\" height=\"120\" \/><\/td>\n<td><img loading=\"lazy\" style=\"border-width: 0px; border-style: initial;\" src=\".\/wp-content\/uploads\/2019\/02\/resimyok.png\" alt=\"\" width=\"88\" height=\"120\" \/><\/td>\n<\/tr>\n<tr>\n<td>Kerim G\u00fczel<\/td>\n<td>K\u00f6le Hasan&#8217;\u0131n Yusuf Evci<\/td>\n<td>Humman\u0131n Ali Turgut<\/td>\n<\/tr>\n<tr>\n<td><img loading=\"lazy\" style=\"border-width: 0px; border-style: initial;\" src=\".\/wp-content\/uploads\/2019\/02\/resimyok.png\" alt=\"\" width=\"88\" height=\"120\" \/><\/td>\n<td><img loading=\"lazy\" style=\"border-width: 0px; border-style: initial;\" src=\".\/wp-content\/uploads\/2019\/02\/resimyok.png\" alt=\"\" width=\"88\" height=\"120\" \/><\/td>\n<td><img loading=\"lazy\" style=\"border-width: 0px; border-style: initial;\" src=\".\/wp-content\/uploads\/2019\/02\/resimyok.png\" alt=\"\" width=\"88\" height=\"120\" \/><\/td>\n<\/tr>\n<tr>\n<td>Eski Ali (Ecirin)<\/td>\n<td>Sar\u0131&#8217;n\u0131n \u0130bi\u015f<\/td>\n<td>K\u00f6mbeli Ahmet<\/td>\n<\/tr>\n<tr>\n<td><img loading=\"lazy\" style=\"border-width: 0px; border-style: initial;\" src=\".\/wp-content\/uploads\/2019\/02\/resimyok.png\" alt=\"\" width=\"88\" height=\"120\" \/><\/td>\n<td><img loading=\"lazy\" style=\"border-width: 0px; border-style: initial;\" src=\".\/wp-content\/uploads\/2019\/02\/resimyok.png\" alt=\"\" width=\"88\" height=\"120\" \/><\/td>\n<td><img loading=\"lazy\" style=\"border-width: 0px; border-style: initial;\" src=\".\/wp-content\/uploads\/2019\/02\/resimyok.png\" alt=\"\" width=\"88\" height=\"120\" \/><\/td>\n<\/tr>\n<tr>\n<td>Manav\u0131n Kerim<\/td>\n<td>Mulla Mustafa Ko\u00e7ak<\/td>\n<td>\u00c7eki\u00e7 Hasan Ko\u00e7ak<\/td>\n<\/tr>\n<tr>\n<td><img loading=\"lazy\" style=\"border-width: 0px; border-style: initial;\" src=\".\/wp-content\/uploads\/2019\/02\/resimyok.png\" alt=\"\" width=\"88\" height=\"120\" \/><\/td>\n<td><img loading=\"lazy\" style=\"border-width: 0px; border-style: initial;\" src=\".\/wp-content\/uploads\/2019\/02\/resimyok.png\" alt=\"\" width=\"88\" height=\"120\" \/><\/td>\n<td><img loading=\"lazy\" style=\"border-width: 0px; border-style: initial;\" src=\".\/wp-content\/uploads\/2019\/02\/resimyok.png\" alt=\"\" width=\"88\" height=\"120\" \/><\/td>\n<\/tr>\n<tr>\n<td>K\u00f6se Hasan Ta\u015fdelen<\/td>\n<td>Kel Mahmut Ball\u0131<\/td>\n<td>Ab\u0131la Abdullah<\/td>\n<\/tr>\n<tr>\n<td><img loading=\"lazy\" style=\"border-width: 0px; border-style: initial;\" src=\".\/wp-content\/uploads\/2019\/02\/resimyok.png\" alt=\"\" width=\"88\" height=\"120\" \/><\/td>\n<td><\/td>\n<td><\/td>\n<\/tr>\n<tr>\n<td>\u00c7olak Mustafa \u00d6zel<\/td>\n<td><\/td>\n<td><\/td>\n<\/tr>\n<\/tbody>\n<\/table>\n<h5 style=\"margin-bottom: 4px; font-size: 16px; text-shadow: #c0c0c0 2px 2px 4px; color: #262422; font-family: Arial; letter-spacing: normal;\">\u015eehitleri<\/h5>\n<table style=\"color: #262422; font-family: Arial; font-size: 13px;\" border=\"0\">\n<tbody>\n<tr>\n<td width=\"33%\"><img loading=\"lazy\" style=\"border-width: 0px; border-style: initial;\" src=\".\/wp-content\/uploads\/2019\/02\/resimyok_sehit.png\" alt=\"\" width=\"88\" height=\"120\" \/><\/td>\n<td width=\"33%\"><img loading=\"lazy\" style=\"border-width: 0px; border-style: initial;\" src=\".\/wp-content\/uploads\/2019\/02\/resimyok_sehit.png\" alt=\"\" width=\"88\" height=\"120\" \/><\/td>\n<td width=\"33%\"><img loading=\"lazy\" style=\"border-width: 0px; border-style: initial;\" src=\".\/wp-content\/uploads\/2019\/02\/resimyok_sehit.png\" alt=\"\" width=\"88\" height=\"120\" \/><\/td>\n<\/tr>\n<tr>\n<td>Kocaba\u015f&#8217;\u0131n Mehmet<\/td>\n<td>Kocaba\u015f&#8217;\u0131n \u015eaban<\/td>\n<td>D\u00fcd\u00fck\u00e7\u00fc \u0130brahim&#8217;in Ali<\/td>\n<\/tr>\n<tr>\n<td><img loading=\"lazy\" style=\"border-width: 0px; border-style: initial;\" src=\".\/wp-content\/uploads\/2019\/02\/resimyok_sehit.png\" alt=\"\" width=\"88\" height=\"120\" \/><\/td>\n<td><img loading=\"lazy\" style=\"border-width: 0px; border-style: initial;\" src=\".\/wp-content\/uploads\/2019\/02\/resimyok_sehit.png\" alt=\"\" width=\"88\" height=\"120\" \/><\/td>\n<td><img loading=\"lazy\" style=\"border-width: 0px; border-style: initial;\" src=\".\/wp-content\/uploads\/2019\/02\/resimyok_sehit.png\" alt=\"\" width=\"88\" height=\"120\" \/><\/td>\n<\/tr>\n<tr>\n<td>Mulla Abdullah&#8217;\u0131n Ali<\/td>\n<td>C\u00fclle&#8217;\u011fin Kerim<\/td>\n<td>Kocaba\u015f&#8217;\u0131n Hasan<\/td>\n<\/tr>\n<tr>\n<td><img loading=\"lazy\" style=\"border-width: 0px; border-style: initial;\" src=\".\/wp-content\/uploads\/2019\/02\/resimyok_sehit.png\" alt=\"\" width=\"88\" height=\"120\" \/><\/td>\n<td><img loading=\"lazy\" style=\"border-width: 0px; border-style: initial;\" src=\".\/wp-content\/uploads\/2019\/02\/resimyok_sehit.png\" alt=\"\" width=\"88\" height=\"120\" \/><\/td>\n<td><img loading=\"lazy\" style=\"border-width: 0px; border-style: initial;\" src=\".\/wp-content\/uploads\/2019\/02\/resimyok_sehit.png\" alt=\"\" width=\"88\" height=\"120\" \/><\/td>\n<\/tr>\n<tr>\n<td>Bekar&#8217;\u0131n Mustafa<\/td>\n<td>Bekar&#8217;\u0131n Ahmet<\/td>\n<td>Borazan Nebi&#8217;nin Ahmet<\/td>\n<\/tr>\n<tr>\n<td><img loading=\"lazy\" style=\"border-width: 0px; border-style: initial;\" src=\".\/wp-content\/uploads\/2019\/02\/resimyok_sehit.png\" alt=\"\" width=\"88\" height=\"120\" \/><\/td>\n<td><img loading=\"lazy\" style=\"border-width: 0px; border-style: initial;\" src=\".\/wp-content\/uploads\/2019\/02\/resimyok_sehit.png\" alt=\"\" width=\"88\" height=\"120\" \/><\/td>\n<td><img loading=\"lazy\" style=\"border-width: 0px; border-style: initial;\" src=\".\/wp-content\/uploads\/2019\/02\/resimyok_sehit.png\" alt=\"\" width=\"88\" height=\"120\" \/><\/td>\n<\/tr>\n<tr>\n<td>Meke&#8217;nin \u0130brahim<\/td>\n<td>Hoppuk&#8217;un Ali<\/td>\n<td>Bekar&#8217;\u0131n Ali<\/td>\n<\/tr>\n<tr>\n<td><img loading=\"lazy\" style=\"border-width: 0px; border-style: initial;\" src=\".\/wp-content\/uploads\/2019\/02\/resimyok_sehit.png\" alt=\"\" width=\"88\" height=\"120\" \/><\/td>\n<td><img loading=\"lazy\" style=\"border-width: 0px; border-style: initial;\" src=\".\/wp-content\/uploads\/2019\/02\/resimyok_sehit.png\" alt=\"\" width=\"88\" height=\"120\" \/><\/td>\n<td><img loading=\"lazy\" style=\"border-width: 0px; border-style: initial;\" src=\".\/wp-content\/uploads\/2019\/02\/resimyok_sehit.png\" alt=\"\" width=\"88\" height=\"120\" \/><\/td>\n<\/tr>\n<tr>\n<td>Topal \u0130bi\u015f&#8217;in Mehmet<\/td>\n<td>Topal \u0130bi\u015f&#8217;in Abdullah<\/td>\n<td>K\u00fc\u00e7\u00fck Hasan&#8217;\u0131n Musa<\/td>\n<\/tr>\n<tr>\n<td><img loading=\"lazy\" style=\"border-width: 0px; border-style: initial;\" src=\".\/wp-content\/uploads\/2019\/02\/resimyok_sehit.png\" alt=\"\" width=\"88\" height=\"120\" \/><\/td>\n<td><img loading=\"lazy\" style=\"border-width: 0px; border-style: initial;\" src=\".\/wp-content\/uploads\/2019\/02\/resimyok_sehit.png\" alt=\"\" width=\"88\" height=\"120\" \/><\/td>\n<td><img loading=\"lazy\" style=\"border-width: 0px; border-style: initial;\" src=\".\/wp-content\/uploads\/2019\/02\/resimyok_sehit.png\" alt=\"\" width=\"88\" height=\"120\" \/><\/td>\n<\/tr>\n<tr>\n<td>Y\u00f6r\u00fck<\/td>\n<td>K\u00f6le&#8217;nin S\u00fcleyman<\/td>\n<td>Topal \u0130bi\u015f&#8217;in Musa<\/td>\n<\/tr>\n<tr>\n<td><img loading=\"lazy\" style=\"border-width: 0px; border-style: initial;\" src=\".\/wp-content\/uploads\/2019\/02\/resimyok_sehit.png\" alt=\"\" width=\"88\" height=\"120\" \/><\/td>\n<td><img loading=\"lazy\" style=\"border-width: 0px; border-style: initial;\" src=\".\/wp-content\/uploads\/2019\/02\/resimyok_sehit.png\" alt=\"\" width=\"88\" height=\"120\" \/><\/td>\n<td><img loading=\"lazy\" style=\"border-width: 0px; border-style: initial;\" src=\".\/wp-content\/uploads\/2019\/02\/resimyok_sehit.png\" alt=\"\" width=\"88\" height=\"120\" \/><\/td>\n<\/tr>\n<tr>\n<td>Arap Hasan&#8217;\u0131n \u0130bi\u015f<\/td>\n<td>Y\u00f6r\u00fck Hac\u0131s\u0131<\/td>\n<td>Hac\u0131s\u0131 o\u011flu Mustafa<\/td>\n<\/tr>\n<tr>\n<td><img loading=\"lazy\" style=\"border-width: 0px; border-style: initial;\" src=\".\/wp-content\/uploads\/2019\/02\/resimyok_sehit.png\" alt=\"\" width=\"88\" height=\"120\" \/><\/td>\n<td><img loading=\"lazy\" style=\"border-width: 0px; border-style: initial;\" src=\".\/wp-content\/uploads\/2019\/02\/resimyok_sehit.png\" alt=\"\" width=\"88\" height=\"120\" \/><\/td>\n<td><img loading=\"lazy\" style=\"border-width: 0px; border-style: initial;\" src=\".\/wp-content\/uploads\/2019\/02\/resimyok_sehit.png\" alt=\"\" width=\"88\" height=\"120\" \/><\/td>\n<\/tr>\n<tr>\n<td>Kocakafa&#8217;n\u0131n \u0130bi\u015f<\/td>\n<td>Ecir&#8217;in Mehmet<\/td>\n<td>Sar\u0131n\u0131n H\u00fcseyin&#8217;in Mustafa<\/td>\n<\/tr>\n<tr>\n<td><img loading=\"lazy\" style=\"border-width: 0px; border-style: initial;\" src=\".\/wp-content\/uploads\/2019\/02\/resimyok_sehit.png\" alt=\"\" width=\"88\" height=\"120\" \/><\/td>\n<td><img loading=\"lazy\" style=\"border-width: 0px; border-style: initial;\" src=\".\/wp-content\/uploads\/2019\/02\/resimyok_sehit.png\" alt=\"\" width=\"88\" height=\"120\" \/><\/td>\n<td><img loading=\"lazy\" style=\"border-width: 0px; border-style: initial;\" src=\".\/wp-content\/uploads\/2019\/02\/resimyok_sehit.png\" alt=\"\" width=\"88\" height=\"120\" \/><\/td>\n<\/tr>\n<tr>\n<td>Hamza&#8217;n\u0131n Yusuf<\/td>\n<td>Hamza&#8217;n\u0131n \u0130smail&#8217;in \u015eaban<\/td>\n<td>Kara H\u00fcseyin<\/td>\n<\/tr>\n<tr>\n<td><img loading=\"lazy\" style=\"border-width: 0px; border-style: initial;\" src=\".\/wp-content\/uploads\/2019\/02\/resimyok_sehit.png\" alt=\"\" width=\"88\" height=\"120\" \/><\/td>\n<td><img loading=\"lazy\" style=\"border-width: 0px; border-style: initial;\" src=\".\/wp-content\/uploads\/2019\/02\/resimyok_sehit.png\" alt=\"\" width=\"88\" height=\"120\" \/><\/td>\n<td><img loading=\"lazy\" style=\"border-width: 0px; border-style: initial;\" src=\".\/wp-content\/uploads\/2019\/02\/resimyok_sehit.png\" alt=\"\" width=\"88\" height=\"120\" \/><\/td>\n<\/tr>\n<tr>\n<td>\u00c7avu\u015f Hasan&#8217;\u0131n Mehmet<\/td>\n<td>Kerzi Mehmet&#8217;in Durmu\u015f<\/td>\n<td>G\u0131c\u0131r&#8217;\u0131n Mehmet<\/td>\n<\/tr>\n<tr>\n<td><img loading=\"lazy\" style=\"border-width: 0px; border-style: initial;\" src=\".\/wp-content\/uploads\/2019\/02\/resimyok_sehit.png\" alt=\"\" width=\"88\" height=\"120\" \/><\/td>\n<td><img loading=\"lazy\" style=\"border-width: 0px; border-style: initial;\" src=\".\/wp-content\/uploads\/2019\/02\/resimyok_sehit.png\" alt=\"\" width=\"88\" height=\"120\" \/><\/td>\n<td><img loading=\"lazy\" style=\"border-width: 0px; border-style: initial;\" src=\".\/wp-content\/uploads\/2019\/02\/resimyok_sehit.png\" alt=\"\" width=\"88\" height=\"120\" \/><\/td>\n<\/tr>\n<tr>\n<td>\u00c7akal Mehmet<\/td>\n<td>K\u00fckke Kel Mustafa<\/td>\n<td>Metin&#8217;in Mehmet&#8217;in Abdurrahman<\/td>\n<\/tr>\n<tr>\n<td><img loading=\"lazy\" style=\"border-width: 0px; border-style: initial;\" src=\".\/wp-content\/uploads\/2019\/02\/resimyok_sehit.png\" alt=\"\" width=\"88\" height=\"120\" \/><\/td>\n<td><img loading=\"lazy\" style=\"border-width: 0px; border-style: initial;\" src=\".\/wp-content\/uploads\/2019\/02\/resimyok_sehit.png\" alt=\"\" width=\"88\" height=\"120\" \/><\/td>\n<td><img loading=\"lazy\" style=\"border-width: 0px; border-style: initial;\" src=\".\/wp-content\/uploads\/2019\/02\/resimyok_sehit.png\" alt=\"\" width=\"88\" height=\"120\" \/><\/td>\n<\/tr>\n<tr>\n<td>Topal H\u00fcseyin&#8217;in H\u00fcseyin \u00c7avu\u015f<\/td>\n<td>Sa\u011f\u0131r \u0130bi\u015fo\u011flu Mustafa<\/td>\n<td>Mustafa \u00c7avu\u015fo\u011flu Ali<\/td>\n<\/tr>\n<tr>\n<td><img loading=\"lazy\" style=\"border-width: 0px; border-style: initial;\" src=\".\/wp-content\/uploads\/2019\/02\/resimyok_sehit.png\" alt=\"\" width=\"88\" height=\"120\" \/><\/td>\n<td><img loading=\"lazy\" style=\"border-width: 0px; border-style: initial;\" src=\".\/wp-content\/uploads\/2019\/02\/resimyok_sehit.png\" alt=\"\" width=\"88\" height=\"120\" \/><\/td>\n<td><img loading=\"lazy\" style=\"border-width: 0px; border-style: initial;\" src=\".\/wp-content\/uploads\/2019\/02\/resimyok_sehit.png\" alt=\"\" width=\"88\" height=\"120\" \/><\/td>\n<\/tr>\n<tr>\n<td>Curtlu&#8217;nun Abdullah<\/td>\n<td>Mustafa \u00c7avu\u015fo\u011flu \u015eaban<\/td>\n<td>Deli Osman<\/td>\n<\/tr>\n<\/tbody>\n<\/table>\n","protected":false},"excerpt":{"rendered":"<p>Gazileri Ali Onba\u015f\u0131 Ay H. Hasan Hoca Al\u0131c\u0131g\u00fczel Tahi\u0131r Efendi Al\u0131c\u0131g\u00fczel Hac\u0131 Ak\u00e7ay Gazi Hac\u0131 Ahmet Ar\u0131c\u0131 K\u00fckkelerin Ali Akkanat Boraza&#8217;n\u0131n Ahmet Boraza&#8217;n\u0131n Abdullah Dilsiz Bekir Gociri \u0130brahim Bal G\u00f6\u011f Ali \u00c7ukurba\u011f Ahmet Al\u0131c\u0131o\u011flu Kerim G\u00fczel K\u00f6le Hasan&#8217;\u0131n Yusuf Evci Humman\u0131n Ali Turgut Eski Ali (Ecirin) Sar\u0131&#8217;n\u0131n \u0130bi\u015f K\u00f6mbeli Ahmet Manav\u0131n Kerim Mulla Mustafa Ko\u00e7ak [&hellip;]<\/p>\n","protected":false},"author":1,"featured_media":0,"parent":19,"menu_order":0,"comment_status":"closed","ping_status":"closed","template":"","meta":[],"_links":{"self":[{"href":"https:\/\/durakkoyu.biz\/index.php?rest_route=\/wp\/v2\/pages\/173"}],"collection":[{"href":"https:\/\/durakkoyu.biz\/index.php?rest_route=\/wp\/v2\/pages"}],"about":[{"href":"https:\/\/durakkoyu.biz\/index.php?rest_route=\/wp\/v2\/types\/page"}],"author":[{"embeddable":true,"href":"https:\/\/durakkoyu.biz\/index.php?rest_route=\/wp\/v2\/users\/1"}],"replies":[{"embeddable":true,"href":"https:\/\/durakkoyu.biz\/index.php?rest_route=%2Fwp%2Fv2%2Fcomments&post=173"}],"version-history":[{"count":6,"href":"https:\/\/durakkoyu.biz\/index.php?rest_route=\/wp\/v2\/pages\/173\/revisions"}],"predecessor-version":[{"id":3297,"href":"https:\/\/durakkoyu.biz\/index.php?rest_route=\/wp\/v2\/pages\/173\/revisions\/3297"}],"up":[{"embeddable":true,"href":"https:\/\/durakkoyu.biz\/index.php?rest_route=\/wp\/v2\/pages\/19"}],"wp:attachment":[{"href":"https:\/\/durakkoyu.biz\/index.php?rest_route=%2Fwp%2Fv2%2Fmedia&parent=173"}],"curies":[{"name":"wp","href":"https:\/\/api.w.org\/{rel}","templated":true}]}}