{"id":14455,"date":"2021-06-07T09:22:19","date_gmt":"2021-06-07T08:22:19","guid":{"rendered":"https:\/\/durakkoyu.com\/?page_id=14455"},"modified":"2021-06-07T12:21:33","modified_gmt":"2021-06-07T11:21:33","slug":"yasayan-cinarlarimiz","status":"publish","type":"page","link":"https:\/\/durakkoyu.biz\/?page_id=14455","title":{"rendered":"Ya\u015fayan \u00c7\u0131narlar\u0131m\u0131z"},"content":{"rendered":"<div class=\"foogallery foogallery-container foogallery-default foogallery-lightbox-foobox fg-gutter-10 fg-center fg-default fg-light fg-border-thin fg-shadow-outline fg-loading-default fg-loaded-fade-in fg-caption-hover fg-hover-fade fg-hover-zoom fg-ready\" id=\"foogallery-gallery-14456\" data-foogallery=\"{&quot;item&quot;:{&quot;showCaptionTitle&quot;:true,&quot;showCaptionDescription&quot;:true},&quot;lazy&quot;:true}\" >\r\n\t<div class=\"fg-item fg-type-image fg-idle\"><figure class=\"fg-item-inner\"><a href=\"https:\/\/durakkoyu.biz\/wp-content\/uploads\/2021\/06\/saban-ozceylan.jpg\" data-caption-title=\"\u015eaban \u00d6zceylan\" data-caption-desc=\"Do\u011fum y\u0131l\u0131 1919\" data-attachment-id=\"14459\" class=\"fg-thumb\"><span class=\"fg-image-wrap\"><img title=\"\u015eaban \u00d6zceylan\" width=\"300\" height=\"300\" class=\"skip-lazy fg-image\" data-src-fg=\"https:\/\/durakkoyu.biz\/wp-content\/uploads\/2021\/06\/saban-ozceylan.jpg\" src=\"data:image\/svg+xml,%3Csvg%20xmlns=%22http%3A%2F%2Fwww.w3.org%2F2000%2Fsvg%22%20viewBox=%220%200%20300%20300%22%3E%3C\/svg%3E\" \/><\/span><span class=\"fg-image-overlay\"><\/span><\/a><figcaption class=\"fg-caption\"><div class=\"fg-caption-inner\"><div class=\"fg-caption-title\">\u015eaban \u00d6zceylan<\/div><div class=\"fg-caption-desc\">Do\u011fum y\u0131l\u0131 1919<\/div><\/div><\/figcaption><\/figure><div class=\"fg-loader\"><\/div><\/div><div class=\"fg-item fg-type-image fg-idle\"><figure class=\"fg-item-inner\"><a href=\"https:\/\/durakkoyu.biz\/wp-content\/uploads\/2021\/06\/ayse-alicioglu-1922.jpg\" data-caption-title=\"Ay\u015fe Al\u0131c\u0131o\u011flu\" data-caption-desc=\"Do\u011fum y\u0131l\u0131 1922\" data-attachment-id=\"14462\" class=\"fg-thumb\"><span class=\"fg-image-wrap\"><img title=\"Ay\u015fe Al\u0131c\u0131o\u011flu\" width=\"300\" height=\"300\" class=\"skip-lazy fg-image\" data-src-fg=\"https:\/\/durakkoyu.biz\/wp-content\/uploads\/2021\/06\/ayse-alicioglu-1922.jpg\" src=\"data:image\/svg+xml,%3Csvg%20xmlns=%22http%3A%2F%2Fwww.w3.org%2F2000%2Fsvg%22%20viewBox=%220%200%20300%20300%22%3E%3C\/svg%3E\" \/><\/span><span class=\"fg-image-overlay\"><\/span><\/a><figcaption class=\"fg-caption\"><div class=\"fg-caption-inner\"><div class=\"fg-caption-title\">Ay\u015fe Al\u0131c\u0131o\u011flu<\/div><div class=\"fg-caption-desc\">Do\u011fum y\u0131l\u0131 1922<\/div><\/div><\/figcaption><\/figure><div class=\"fg-loader\"><\/div><\/div><div class=\"fg-item fg-type-image fg-idle\"><figure class=\"fg-item-inner\"><a href=\"https:\/\/durakkoyu.biz\/wp-content\/uploads\/2021\/06\/emine-guenes-1923.jpg\" data-caption-title=\"Emine G\u00fcne\u015f\" data-caption-desc=\"Do\u011fum y\u0131l\u0131 1923\" data-attachment-id=\"14473\" class=\"fg-thumb\"><span class=\"fg-image-wrap\"><img title=\"Emine G\u00fcne\u015f\" width=\"300\" height=\"300\" class=\"skip-lazy fg-image\" data-src-fg=\"https:\/\/durakkoyu.biz\/wp-content\/uploads\/2021\/06\/emine-guenes-1923.jpg\" src=\"data:image\/svg+xml,%3Csvg%20xmlns=%22http%3A%2F%2Fwww.w3.org%2F2000%2Fsvg%22%20viewBox=%220%200%20300%20300%22%3E%3C\/svg%3E\" \/><\/span><span class=\"fg-image-overlay\"><\/span><\/a><figcaption class=\"fg-caption\"><div class=\"fg-caption-inner\"><div class=\"fg-caption-title\">Emine G\u00fcne\u015f<\/div><div class=\"fg-caption-desc\">Do\u011fum y\u0131l\u0131 1923<\/div><\/div><\/figcaption><\/figure><div class=\"fg-loader\"><\/div><\/div><div class=\"fg-item fg-type-image fg-idle\"><figure class=\"fg-item-inner\"><a href=\"https:\/\/durakkoyu.biz\/wp-content\/uploads\/2021\/06\/abdullah-kocak-1927.jpg\" data-caption-title=\"Abdullah Ko\u00e7ak\" data-caption-desc=\"Do\u011fum y\u0131l\u0131 1927\" data-attachment-id=\"14467\" class=\"fg-thumb\"><span class=\"fg-image-wrap\"><img title=\"Abdullah Ko\u00e7ak\" width=\"300\" height=\"300\" class=\"skip-lazy fg-image\" data-src-fg=\"https:\/\/durakkoyu.biz\/wp-content\/uploads\/2021\/06\/abdullah-kocak-1927.jpg\" src=\"data:image\/svg+xml,%3Csvg%20xmlns=%22http%3A%2F%2Fwww.w3.org%2F2000%2Fsvg%22%20viewBox=%220%200%20300%20300%22%3E%3C\/svg%3E\" \/><\/span><span class=\"fg-image-overlay\"><\/span><\/a><figcaption class=\"fg-caption\"><div class=\"fg-caption-inner\"><div class=\"fg-caption-title\">Abdullah Ko\u00e7ak<\/div><div class=\"fg-caption-desc\">Do\u011fum y\u0131l\u0131 1927<\/div><\/div><\/figcaption><\/figure><div class=\"fg-loader\"><\/div><\/div><div class=\"fg-item fg-type-image fg-idle\"><figure class=\"fg-item-inner\"><a href=\"https:\/\/durakkoyu.biz\/wp-content\/uploads\/2021\/05\/img_6941.jpg\" data-caption-title=\"\u0130smihani \u00d6zt\u00fcrk\" data-caption-desc=\"Do\u011fum y\u0131l\u0131 1928\" data-attachment-id=\"14446\" class=\"fg-thumb\"><span class=\"fg-image-wrap\"><img title=\"\u0130smihani \u00d6zt\u00fcrk\" width=\"300\" height=\"300\" class=\"skip-lazy fg-image\" data-src-fg=\"https:\/\/durakkoyu.biz\/wp-content\/uploads\/2021\/05\/img_6941.jpg\" src=\"data:image\/svg+xml,%3Csvg%20xmlns=%22http%3A%2F%2Fwww.w3.org%2F2000%2Fsvg%22%20viewBox=%220%200%20300%20300%22%3E%3C\/svg%3E\" \/><\/span><span class=\"fg-image-overlay\"><\/span><\/a><figcaption class=\"fg-caption\"><div class=\"fg-caption-inner\"><div class=\"fg-caption-title\">\u0130smihani \u00d6zt\u00fcrk<\/div><div class=\"fg-caption-desc\">Do\u011fum y\u0131l\u0131 1928<\/div><\/div><\/figcaption><\/figure><div class=\"fg-loader\"><\/div><\/div><div class=\"fg-item fg-type-image fg-idle\"><figure class=\"fg-item-inner\"><a href=\"https:\/\/durakkoyu.biz\/wp-content\/uploads\/2021\/06\/abdullah-alicioglu-1930.jpg\" data-caption-title=\"Abdullah Al\u0131c\u0131o\u011flu\" data-caption-desc=\"Do\u011fum y\u0131l\u0131 1930\" data-attachment-id=\"14463\" class=\"fg-thumb\"><span class=\"fg-image-wrap\"><img title=\"Abdullah Al\u0131c\u0131o\u011flu\" width=\"300\" height=\"300\" class=\"skip-lazy fg-image\" data-src-fg=\"https:\/\/durakkoyu.biz\/wp-content\/uploads\/2021\/06\/abdullah-alicioglu-1930.jpg\" src=\"data:image\/svg+xml,%3Csvg%20xmlns=%22http%3A%2F%2Fwww.w3.org%2F2000%2Fsvg%22%20viewBox=%220%200%20300%20300%22%3E%3C\/svg%3E\" \/><\/span><span class=\"fg-image-overlay\"><\/span><\/a><figcaption class=\"fg-caption\"><div class=\"fg-caption-inner\"><div class=\"fg-caption-title\">Abdullah Al\u0131c\u0131o\u011flu<\/div><div class=\"fg-caption-desc\">Do\u011fum y\u0131l\u0131 1930<\/div><\/div><\/figcaption><\/figure><div class=\"fg-loader\"><\/div><\/div><div class=\"fg-item fg-type-image fg-idle\"><figure class=\"fg-item-inner\"><a href=\"https:\/\/durakkoyu.biz\/wp-content\/uploads\/2021\/06\/hese-gurbuz-1930.jpg\" data-caption-title=\"Hese G\u00fcrb\u00fcz\" data-caption-desc=\"Do\u011fum y\u0131l\u0131 1930\" data-attachment-id=\"14472\" class=\"fg-thumb\"><span class=\"fg-image-wrap\"><img title=\"Hese G\u00fcrb\u00fcz\" width=\"300\" height=\"300\" class=\"skip-lazy fg-image\" data-src-fg=\"https:\/\/durakkoyu.biz\/wp-content\/uploads\/2021\/06\/hese-gurbuz-1930.jpg\" src=\"data:image\/svg+xml,%3Csvg%20xmlns=%22http%3A%2F%2Fwww.w3.org%2F2000%2Fsvg%22%20viewBox=%220%200%20300%20300%22%3E%3C\/svg%3E\" \/><\/span><span class=\"fg-image-overlay\"><\/span><\/a><figcaption class=\"fg-caption\"><div class=\"fg-caption-inner\"><div class=\"fg-caption-title\">Hese G\u00fcrb\u00fcz<\/div><div class=\"fg-caption-desc\">Do\u011fum y\u0131l\u0131 1930<\/div><\/div><\/figcaption><\/figure><div class=\"fg-loader\"><\/div><\/div><div class=\"fg-item fg-type-image fg-idle\"><figure class=\"fg-item-inner\"><a href=\"https:\/\/durakkoyu.biz\/wp-content\/uploads\/2021\/06\/hasan-evci\u00b41930.jpg\" data-caption-title=\"Hasan Evci\" data-caption-desc=\"Do\u011fum y\u0131l\u0131 1930\" data-attachment-id=\"14471\" class=\"fg-thumb\"><span class=\"fg-image-wrap\"><img title=\"Hasan Evci\" width=\"300\" height=\"300\" class=\"skip-lazy fg-image\" data-src-fg=\"https:\/\/durakkoyu.biz\/wp-content\/uploads\/2021\/06\/hasan-evci\u00b41930.jpg\" src=\"data:image\/svg+xml,%3Csvg%20xmlns=%22http%3A%2F%2Fwww.w3.org%2F2000%2Fsvg%22%20viewBox=%220%200%20300%20300%22%3E%3C\/svg%3E\" \/><\/span><span class=\"fg-image-overlay\"><\/span><\/a><figcaption class=\"fg-caption\"><div class=\"fg-caption-inner\"><div class=\"fg-caption-title\">Hasan Evci<\/div><div class=\"fg-caption-desc\">Do\u011fum y\u0131l\u0131 1930<\/div><\/div><\/figcaption><\/figure><div class=\"fg-loader\"><\/div><\/div><div class=\"fg-item fg-type-image fg-idle\"><figure class=\"fg-item-inner\"><a href=\"https:\/\/durakkoyu.biz\/wp-content\/uploads\/2021\/06\/fatma-gurbuz-1931.jpg\" data-caption-title=\"Fatma G\u00fcrb\u00fcz\" data-caption-desc=\"Do\u011fum y\u0131l\u0131 1931\" data-attachment-id=\"14476\" class=\"fg-thumb\"><span class=\"fg-image-wrap\"><img title=\"Fatma G\u00fcrb\u00fcz\" width=\"300\" height=\"300\" class=\"skip-lazy fg-image\" data-src-fg=\"https:\/\/durakkoyu.biz\/wp-content\/uploads\/2021\/06\/fatma-gurbuz-1931.jpg\" src=\"data:image\/svg+xml,%3Csvg%20xmlns=%22http%3A%2F%2Fwww.w3.org%2F2000%2Fsvg%22%20viewBox=%220%200%20300%20300%22%3E%3C\/svg%3E\" \/><\/span><span class=\"fg-image-overlay\"><\/span><\/a><figcaption class=\"fg-caption\"><div class=\"fg-caption-inner\"><div class=\"fg-caption-title\">Fatma G\u00fcrb\u00fcz<\/div><div class=\"fg-caption-desc\">Do\u011fum y\u0131l\u0131 1931<\/div><\/div><\/figcaption><\/figure><div class=\"fg-loader\"><\/div><\/div><div class=\"fg-item fg-type-image fg-idle\"><figure class=\"fg-item-inner\"><a href=\"https:\/\/durakkoyu.biz\/wp-content\/uploads\/2021\/06\/ramazan-evci-1932.jpg\" data-caption-title=\"Ramazan Evci\" data-caption-desc=\"Do\u011fum y\u0131l\u0131 1932\" data-attachment-id=\"14470\" class=\"fg-thumb\"><span class=\"fg-image-wrap\"><img title=\"Ramazan Evci\" width=\"300\" height=\"300\" class=\"skip-lazy fg-image\" data-src-fg=\"https:\/\/durakkoyu.biz\/wp-content\/uploads\/2021\/06\/ramazan-evci-1932.jpg\" src=\"data:image\/svg+xml,%3Csvg%20xmlns=%22http%3A%2F%2Fwww.w3.org%2F2000%2Fsvg%22%20viewBox=%220%200%20300%20300%22%3E%3C\/svg%3E\" \/><\/span><span class=\"fg-image-overlay\"><\/span><\/a><figcaption class=\"fg-caption\"><div class=\"fg-caption-inner\"><div class=\"fg-caption-title\">Ramazan Evci<\/div><div class=\"fg-caption-desc\">Do\u011fum y\u0131l\u0131 1932<\/div><\/div><\/figcaption><\/figure><div class=\"fg-loader\"><\/div><\/div><div class=\"fg-item fg-type-image fg-idle\"><figure class=\"fg-item-inner\"><a href=\"https:\/\/durakkoyu.biz\/wp-content\/uploads\/2021\/06\/rukiye-akkanat-1933.jpg\" data-caption-title=\"Rukiye Akkanat\" data-caption-desc=\"Do\u011fum y\u0131l\u0131 1933\" data-attachment-id=\"14475\" class=\"fg-thumb\"><span class=\"fg-image-wrap\"><img title=\"Rukiye Akkanat\" width=\"300\" height=\"300\" class=\"skip-lazy fg-image\" data-src-fg=\"https:\/\/durakkoyu.biz\/wp-content\/uploads\/2021\/06\/rukiye-akkanat-1933.jpg\" src=\"data:image\/svg+xml,%3Csvg%20xmlns=%22http%3A%2F%2Fwww.w3.org%2F2000%2Fsvg%22%20viewBox=%220%200%20300%20300%22%3E%3C\/svg%3E\" \/><\/span><span class=\"fg-image-overlay\"><\/span><\/a><figcaption class=\"fg-caption\"><div class=\"fg-caption-inner\"><div class=\"fg-caption-title\">Rukiye Akkanat<\/div><div class=\"fg-caption-desc\">Do\u011fum y\u0131l\u0131 1933<\/div><\/div><\/figcaption><\/figure><div class=\"fg-loader\"><\/div><\/div><div class=\"fg-item fg-type-image fg-idle\"><figure class=\"fg-item-inner\"><a href=\"https:\/\/durakkoyu.biz\/wp-content\/uploads\/2021\/06\/mustafa-akteke-1934.jpg\" data-caption-title=\"Mustafa Akteke\" data-caption-desc=\"Do\u011fum y\u0131l\u0131 1934\" data-attachment-id=\"14466\" class=\"fg-thumb\"><span class=\"fg-image-wrap\"><img title=\"Mustafa Akteke\" width=\"300\" height=\"300\" class=\"skip-lazy fg-image\" data-src-fg=\"https:\/\/durakkoyu.biz\/wp-content\/uploads\/2021\/06\/mustafa-akteke-1934.jpg\" src=\"data:image\/svg+xml,%3Csvg%20xmlns=%22http%3A%2F%2Fwww.w3.org%2F2000%2Fsvg%22%20viewBox=%220%200%20300%20300%22%3E%3C\/svg%3E\" \/><\/span><span class=\"fg-image-overlay\"><\/span><\/a><figcaption class=\"fg-caption\"><div class=\"fg-caption-inner\"><div class=\"fg-caption-title\">Mustafa Akteke<\/div><div class=\"fg-caption-desc\">Do\u011fum y\u0131l\u0131 1934<\/div><\/div><\/figcaption><\/figure><div class=\"fg-loader\"><\/div><\/div><div class=\"fg-item fg-type-image fg-idle\"><figure class=\"fg-item-inner\"><a href=\"https:\/\/durakkoyu.biz\/wp-content\/uploads\/2019\/02\/resimyok.png\" data-caption-title=\"Musa Ko\u00e7ak\" data-caption-desc=\"Do\u011fum y\u0131l\u0131 1934\" data-attachment-id=\"565\" class=\"fg-thumb\"><span class=\"fg-image-wrap\"><img title=\"Musa Ko\u00e7ak\" width=\"300\" height=\"300\" class=\"skip-lazy fg-image\" data-src-fg=\"https:\/\/durakkoyu.biz\/wp-content\/uploads\/cache\/2019\/02\/resimyok\/2360051563.png\" src=\"data:image\/svg+xml,%3Csvg%20xmlns=%22http%3A%2F%2Fwww.w3.org%2F2000%2Fsvg%22%20viewBox=%220%200%20300%20300%22%3E%3C\/svg%3E\" \/><\/span><span class=\"fg-image-overlay\"><\/span><\/a><figcaption class=\"fg-caption\"><div class=\"fg-caption-inner\"><div class=\"fg-caption-title\">Musa Ko\u00e7ak<\/div><div class=\"fg-caption-desc\">Do\u011fum y\u0131l\u0131 1934<\/div><\/div><\/figcaption><\/figure><div class=\"fg-loader\"><\/div><\/div><div class=\"fg-item fg-type-image fg-idle\"><figure class=\"fg-item-inner\"><a href=\"https:\/\/durakkoyu.biz\/wp-content\/uploads\/2021\/06\/mustafa-evci-1935.jpg\" data-caption-title=\"Mustafa Evci\" data-caption-desc=\"Do\u011fum y\u0131l\u0131 1935\" data-attachment-id=\"14469\" class=\"fg-thumb\"><span class=\"fg-image-wrap\"><img title=\"Mustafa Evci\" width=\"300\" height=\"300\" class=\"skip-lazy fg-image\" data-src-fg=\"https:\/\/durakkoyu.biz\/wp-content\/uploads\/2021\/06\/mustafa-evci-1935.jpg\" src=\"data:image\/svg+xml,%3Csvg%20xmlns=%22http%3A%2F%2Fwww.w3.org%2F2000%2Fsvg%22%20viewBox=%220%200%20300%20300%22%3E%3C\/svg%3E\" \/><\/span><span class=\"fg-image-overlay\"><\/span><\/a><figcaption class=\"fg-caption\"><div class=\"fg-caption-inner\"><div class=\"fg-caption-title\">Mustafa Evci<\/div><div class=\"fg-caption-desc\">Do\u011fum y\u0131l\u0131 1935<\/div><\/div><\/figcaption><\/figure><div class=\"fg-loader\"><\/div><\/div><div class=\"fg-item fg-type-image fg-idle\"><figure class=\"fg-item-inner\"><a href=\"https:\/\/durakkoyu.biz\/wp-content\/uploads\/2020\/09\/resim-yok.jpg\" data-caption-title=\"\u0130brahim Akteke\" data-caption-desc=\"Do\u011fum y\u0131l\u0131 1935\" data-attachment-id=\"10490\" class=\"fg-thumb\"><span class=\"fg-image-wrap\"><img title=\"\u0130brahim Akteke\" width=\"300\" height=\"300\" class=\"skip-lazy fg-image\" data-src-fg=\"https:\/\/durakkoyu.biz\/wp-content\/uploads\/2020\/09\/resim-yok.jpg\" src=\"data:image\/svg+xml,%3Csvg%20xmlns=%22http%3A%2F%2Fwww.w3.org%2F2000%2Fsvg%22%20viewBox=%220%200%20300%20300%22%3E%3C\/svg%3E\" \/><\/span><span class=\"fg-image-overlay\"><\/span><\/a><figcaption class=\"fg-caption\"><div class=\"fg-caption-inner\"><div class=\"fg-caption-title\">\u0130brahim Akteke<\/div><div class=\"fg-caption-desc\">Do\u011fum y\u0131l\u0131 1935<\/div><\/div><\/figcaption><\/figure><div class=\"fg-loader\"><\/div><\/div><div class=\"fg-item fg-type-image fg-idle\"><figure class=\"fg-item-inner\"><a href=\"https:\/\/durakkoyu.biz\/wp-content\/uploads\/2021\/06\/hanim-evci-1936.jpg\" data-caption-title=\"Hanim Evci\" data-caption-desc=\"Do\u011fum y\u0131l\u0131 1936\" data-attachment-id=\"14474\" class=\"fg-thumb\"><span class=\"fg-image-wrap\"><img title=\"Hanim Evci\" width=\"300\" height=\"300\" class=\"skip-lazy fg-image\" data-src-fg=\"https:\/\/durakkoyu.biz\/wp-content\/uploads\/2021\/06\/hanim-evci-1936.jpg\" src=\"data:image\/svg+xml,%3Csvg%20xmlns=%22http%3A%2F%2Fwww.w3.org%2F2000%2Fsvg%22%20viewBox=%220%200%20300%20300%22%3E%3C\/svg%3E\" \/><\/span><span class=\"fg-image-overlay\"><\/span><\/a><figcaption class=\"fg-caption\"><div class=\"fg-caption-inner\"><div class=\"fg-caption-title\">Hanim Evci<\/div><div class=\"fg-caption-desc\">Do\u011fum y\u0131l\u0131 1936<\/div><\/div><\/figcaption><\/figure><div class=\"fg-loader\"><\/div><\/div><div class=\"fg-item fg-type-image fg-idle\"><figure class=\"fg-item-inner\"><a href=\"https:\/\/durakkoyu.biz\/wp-content\/uploads\/2021\/06\/hanise-kocak-1936.jpg\" data-caption-title=\"Hanise Ko\u00e7ak\" data-caption-desc=\"Do\u011fum y\u0131l\u0131 1936\" data-attachment-id=\"14468\" class=\"fg-thumb\"><span class=\"fg-image-wrap\"><img title=\"Hanise Ko\u00e7ak\" width=\"300\" height=\"300\" class=\"skip-lazy fg-image\" data-src-fg=\"https:\/\/durakkoyu.biz\/wp-content\/uploads\/2021\/06\/hanise-kocak-1936.jpg\" src=\"data:image\/svg+xml,%3Csvg%20xmlns=%22http%3A%2F%2Fwww.w3.org%2F2000%2Fsvg%22%20viewBox=%220%200%20300%20300%22%3E%3C\/svg%3E\" \/><\/span><span class=\"fg-image-overlay\"><\/span><\/a><figcaption class=\"fg-caption\"><div class=\"fg-caption-inner\"><div class=\"fg-caption-title\">Hanise Ko\u00e7ak<\/div><div class=\"fg-caption-desc\">Do\u011fum y\u0131l\u0131 1936<\/div><\/div><\/figcaption><\/figure><div class=\"fg-loader\"><\/div><\/div><\/div>\r\n\n","protected":false},"excerpt":{"rendered":"","protected":false},"author":1,"featured_media":0,"parent":38,"menu_order":0,"comment_status":"closed","ping_status":"closed","template":"","meta":[],"_links":{"self":[{"href":"https:\/\/durakkoyu.biz\/index.php?rest_route=\/wp\/v2\/pages\/14455"}],"collection":[{"href":"https:\/\/durakkoyu.biz\/index.php?rest_route=\/wp\/v2\/pages"}],"about":[{"href":"https:\/\/durakkoyu.biz\/index.php?rest_route=\/wp\/v2\/types\/page"}],"author":[{"embeddable":true,"href":"https:\/\/durakkoyu.biz\/index.php?rest_route=\/wp\/v2\/users\/1"}],"replies":[{"embeddable":true,"href":"https:\/\/durakkoyu.biz\/index.php?rest_route=%2Fwp%2Fv2%2Fcomments&post=14455"}],"version-history":[{"count":2,"href":"https:\/\/durakkoyu.biz\/index.php?rest_route=\/wp\/v2\/pages\/14455\/revisions"}],"predecessor-version":[{"id":14461,"href":"https:\/\/durakkoyu.biz\/index.php?rest_route=\/wp\/v2\/pages\/14455\/revisions\/14461"}],"up":[{"embeddable":true,"href":"https:\/\/durakkoyu.biz\/index.php?rest_route=\/wp\/v2\/pages\/38"}],"wp:attachment":[{"href":"https:\/\/durakkoyu.biz\/index.php?rest_route=%2Fwp%2Fv2%2Fmedia&parent=14455"}],"curies":[{"name":"wp","href":"https:\/\/api.w.org\/{rel}","templated":true}]}}